{"id":695,"date":"2018-03-12T18:39:31","date_gmt":"2018-03-12T18:39:31","guid":{"rendered":"http:\/\/bucknerhonduras.org\/?page_id=695"},"modified":"2018-08-12T21:26:43","modified_gmt":"2018-08-12T21:26:43","slug":"nuestro-legado","status":"publish","type":"page","link":"https:\/\/bucknerhonduras.org\/index.php\/nosotros\/nuestro-legado\/","title":{"rendered":"Nuestro legado"},"content":{"rendered":"<\/p>\n<p> <img decoding=\"async\" src=\"http:\/\/bucknerhonduras.org\/wp-content\/uploads\/2018\/03\/buckner-fundador.jpg\" alt=\"\" title=\"buckner-fundador\" data-bgposition=\"center center\" data-bgfit=\"cover\" data-bgrepeat=\"no-repeat\" class=\"rev-slidebg\" data-no-retina><br \/>\n Nuestro Legado<br \/>\nsetREVStartSize({c: &#8216;#rev_slider_9_1&#8217;, gridwidth: [1240], gridheight: [500], sliderLayout: &#8216;fullwidth&#8217;});<br \/>\nvar revapi9,<br \/>\n tpj;<br \/>\ndocument.addEventListener(&#8220;DOMContentLoaded&#8221;, function() {<br \/>\ntpj = jQuery; if(tpj(&#8220;#rev_slider_9_1&#8221;).revolution == undefined){<br \/>\n revslider_showDoubleJqueryError(&#8220;#rev_slider_9_1&#8221;);<br \/>\n }else{<br \/>\n revapi9 = tpj(&#8220;#rev_slider_9_1&#8243;).show().revolution({<br \/>\n sliderType:&#8221;hero&#8221;,<br \/>\n jsFileLocation:&#8221;\/\/bucknerhonduras.org\/wp-content\/plugins\/revslider\/public\/assets\/js\/&#8221;,<br \/>\n sliderLayout:&#8221;fullwidth&#8221;,<br \/>\n dottedOverlay:&#8221;none&#8221;,<br \/>\n delay:9000,<br \/>\n visibilityLevels:[1240,1024,778,480],<br \/>\n gridwidth:1240,<br \/>\n gridheight:500,<br \/>\n lazyType:&#8221;none&#8221;,<br \/>\n shadow:0,<br \/>\n spinner:&#8221;spinner0&#8243;,<br \/>\n autoHeight:&#8221;off&#8221;,<br \/>\n disableProgressBar:&#8221;on&#8221;,<br \/>\n hideThumbsOnMobile:&#8221;off&#8221;,<br \/>\n hideSliderAtLimit:0,<br \/>\n hideCaptionAtLimit:0,<br \/>\n hideAllCaptionAtLilmit:0,<br \/>\n debugMode:false,<br \/>\n fallbacks: {<br \/>\n simplifyAll:&#8221;off&#8221;,<br \/>\n disableFocusListener:false,<br \/>\n }<br \/>\n });<br \/>\n }<br \/>\n}); \/*ready*\/<br \/>\n <img decoding=\"async\" src=\"\/\/bucknerhonduras.org\/wp-content\/uploads\/2018\/03\/nuestro-legado.png\" alt=\"\" \/> <\/p>\n<p>Buckner Internacional nace en el a\u00f1o 1879 (hace 138 a\u00f1os), en la mente de un hombre, con una visi\u00f3n muy clara y con un prop\u00f3sito definido, \u201cEquipar a familias y a ni\u00f1os para la vida\u201d.<\/p>\n<p>Ante una gran problem\u00e1tica de orfandad y desintegraci\u00f3n familiar, producto de la guerra civil en el sur de los Estados Unidos, el pastor Robert C. Buckner se levant\u00f3 firmemente cumpliendo el llamado enmarcado en Santiago 1:27 \u2013 \u201cLa religi\u00f3n pura y sin m\u00e1cula delante de Dios, el Padre, es esta: visitar a los hu\u00e9rfanos y a las viudas en sus tribulaciones, y guardarse sin mancha del mundo\u201d.<\/p>\n<p>El pastor Buckner, siempre busc\u00f3 formas innovadoras de llevar el ministerio a los m\u00e1s vulnerables, combinando sus creencias teol\u00f3gicas con una conciencia social progresiva. Fue su profunda compasi\u00f3n por el desanimado y el indefenso que sirvi\u00f3 de fuerza motriz detr\u00e1s de su ministerio.<\/p>\n<p>Buckner nace en Guatemala en el a\u00f1o 2002, atendiendo y cumpliendo la misma visi\u00f3n y el llamado de nuestro fundador. Entendiendo que \u201cDios estableci\u00f3 la familia como roca de la sociedad, como bloque firme para edificar las naciones\u201d.<\/p>\n<p> <img decoding=\"async\" src=\"\/\/bucknerhonduras.org\/wp-content\/uploads\/2018\/03\/nuestro-legado.png\" alt=\"\" \/><\/p>\n<p style=\"justify\">Buckner Internacional nace en el a\u00f1o 1879 (hace 138 a\u00f1os), en la mente de un hombre, con una visi\u00f3n muy clara y con un prop\u00f3sito definido, \u201cEquipar a familias y a ni\u00f1os para la vida\u201d.<\/p>\n<p>Ante una gran problem\u00e1tica de orfandad y desintegraci\u00f3n familiar, producto de la guerra civil en el sur de los Estados Unidos, el pastor Robert C. Buckner se levant\u00f3 firmemente cumpliendo el llamado enmarcado en Santiago 1:27 \u2013 \u201cLa religi\u00f3n pura y sin m\u00e1cula delante de Dios, el Padre, es esta: visitar a los hu\u00e9rfanos y a las viudas en sus tribulaciones, y guardarse sin mancha del mundo\u201d.<\/p>\n<p>El pastor Buckner, siempre busc\u00f3 formas innovadoras de llevar el ministerio a los m\u00e1s vulnerables, combinando sus creencias teol\u00f3gicas con una conciencia social progresiva. Fue su profunda compasi\u00f3n por el desanimado y el indefenso que sirvi\u00f3 de fuerza motriz detr\u00e1s de su ministerio.<\/p>\n<p>Buckner nace en Guatemala en el a\u00f1o 2002, atendiendo y cumpliendo la misma visi\u00f3n y el llamado de nuestro fundador. Entendiendo que \u201cDios estableci\u00f3 la familia como roca de la sociedad, como bloque firme para edificar las naciones\u201d.<\/p>\n<h2 class=\"fw-special-title\">Buckner Guatemala se enfoca en dos ejes de trabajo medulares:<\/h2>\n<p> <a class=\"fw-block-image-child fw-ratio-1 fw-ratio-container \" href=\"http:\/\/bucknerhonduras.org\/index.php\/que-hacemos\/centros-de-esperanza-familiar\/\" ><br \/>\n <img decoding=\"async\" src=\"http:\/\/bucknerhonduras.org\/wp-content\/uploads\/2018\/03\/familia-cef-vector.png\" alt=\"familia-cef-vector\" data-maxdpr=\"1.7\" width=\"300\" class=\"lazyload\" \/> <\/a><\/p>\n<h2 class=\"fw-special-title\">CENTROS DE ESPERANZA FAMILIAR<\/h2>\n<p> <a class=\"fw-block-image-child fw-ratio-1 fw-ratio-container \" href=\"http:\/\/bucknerhonduras.org\/index.php\/que-hacemos\/acogimiento-familiar\/\" ><br \/>\n <img decoding=\"async\" src=\"http:\/\/bucknerhonduras.org\/wp-content\/uploads\/2018\/03\/aft-vector.png\" alt=\"aft-vector\" data-maxdpr=\"1.7\" width=\"300\" class=\"lazyload\" \/> <\/a><\/p>\n<h2 class=\"fw-special-title\">ACOGIMIENTO FAMILIAR TEMPORAL<\/h2>\n<p><!-- 93fa62e338daf3dea141b5c5ab56b42d --><\/p>\n","protected":false},"excerpt":{"rendered":"<p>Nuestro Legado setREVStartSize({c: &#8216;#rev_slider_9_1&#8217;, gridwidth: [1240], gridheight: [500], sliderLayout: &#8216;fullwidth&#8217;}); var revapi9, tpj; document.addEventListener(&#8220;DOMContentLoaded&#8221;, function()&#8230;<\/p>\n","protected":false},"author":1,"featured_media":0,"parent":483,"menu_order":0,"comment_status":"closed","ping_status":"closed","template":"visual-builder-template.php","meta":{"footnotes":""},"class_list":["post-695","page","type-page","status-publish","hentry"],"_links":{"self":[{"href":"https:\/\/bucknerhonduras.org\/index.php\/wp-json\/wp\/v2\/pages\/695","targetHints":{"allow":["GET"]}}],"collection":[{"href":"https:\/\/bucknerhonduras.org\/index.php\/wp-json\/wp\/v2\/pages"}],"about":[{"href":"https:\/\/bucknerhonduras.org\/index.php\/wp-json\/wp\/v2\/types\/page"}],"author":[{"embeddable":true,"href":"https:\/\/bucknerhonduras.org\/index.php\/wp-json\/wp\/v2\/users\/1"}],"replies":[{"embeddable":true,"href":"https:\/\/bucknerhonduras.org\/index.php\/wp-json\/wp\/v2\/comments?post=695"}],"version-history":[{"count":30,"href":"https:\/\/bucknerhonduras.org\/index.php\/wp-json\/wp\/v2\/pages\/695\/revisions"}],"predecessor-version":[{"id":699,"href":"https:\/\/bucknerhonduras.org\/index.php\/wp-json\/wp\/v2\/pages\/695\/revisions\/699"}],"up":[{"embeddable":true,"href":"https:\/\/bucknerhonduras.org\/index.php\/wp-json\/wp\/v2\/pages\/483"}],"wp:attachment":[{"href":"https:\/\/bucknerhonduras.org\/index.php\/wp-json\/wp\/v2\/media?parent=695"}],"curies":[{"name":"wp","href":"https:\/\/api.w.org\/{rel}","templated":true}]}}