{"id":672,"date":"2018-03-12T17:39:58","date_gmt":"2018-03-12T17:39:58","guid":{"rendered":"http:\/\/bucknerhonduras.org\/?page_id=672"},"modified":"2018-03-20T21:47:52","modified_gmt":"2018-03-20T21:47:52","slug":"quienes-somos","status":"publish","type":"page","link":"https:\/\/bucknerhonduras.org\/index.php\/nosotros\/quienes-somos\/","title":{"rendered":"Qui\u00e9nes somos"},"content":{"rendered":"<p><img decoding=\"async\" src=\"http:\/\/bucknerhonduras.org\/wp-content\/uploads\/2018\/03\/quienes-somos-buckner.jpg\" alt=\"\" title=\"quienes-somos-buckner\" data-bgposition=\"right center\" data-bgfit=\"cover\" data-bgrepeat=\"no-repeat\" class=\"rev-slidebg\" data-no-retina><br \/>\n \u00bfQui\u00e9nes Somos?<br \/>\nsetREVStartSize({c: &#8216;#rev_slider_8_1&#8217;, gridwidth: [1240], gridheight: [500], sliderLayout: &#8216;fullwidth&#8217;});<br \/>\nvar revapi8,<br \/>\n tpj;<br \/>\ndocument.addEventListener(&#8220;DOMContentLoaded&#8221;, function() {<br \/>\ntpj = jQuery; if(tpj(&#8220;#rev_slider_8_1&#8221;).revolution == undefined){<br \/>\n revslider_showDoubleJqueryError(&#8220;#rev_slider_8_1&#8221;);<br \/>\n }else{<br \/>\n revapi8 = tpj(&#8220;#rev_slider_8_1&#8243;).show().revolution({<br \/>\n sliderType:&#8221;hero&#8221;,<br \/>\n jsFileLocation:&#8221;\/\/bucknerhonduras.org\/wp-content\/plugins\/revslider\/public\/assets\/js\/&#8221;,<br \/>\n sliderLayout:&#8221;fullwidth&#8221;,<br \/>\n dottedOverlay:&#8221;none&#8221;,<br \/>\n delay:9000,<br \/>\n visibilityLevels:[1240,1024,778,480],<br \/>\n gridwidth:1240,<br \/>\n gridheight:500,<br \/>\n lazyType:&#8221;none&#8221;,<br \/>\n shadow:0,<br \/>\n spinner:&#8221;spinner0&#8243;,<br \/>\n autoHeight:&#8221;off&#8221;,<br \/>\n disableProgressBar:&#8221;on&#8221;,<br \/>\n hideThumbsOnMobile:&#8221;off&#8221;,<br \/>\n hideSliderAtLimit:0,<br \/>\n hideCaptionAtLimit:0,<br \/>\n hideAllCaptionAtLilmit:0,<br \/>\n debugMode:false,<br \/>\n fallbacks: {<br \/>\n simplifyAll:&#8221;off&#8221;,<br \/>\n disableFocusListener:false,<br \/>\n }<br \/>\n });<br \/>\n }<br \/>\n}); \/*ready*\/<\/p>\n<p style=\"text-align: center;\">Buckner Guatemala es el brazo operativo de Buckner Internacional en Guatemala. Buckner Internacional es un ministerio global dedicado a la transformaci\u00f3n y restauraci\u00f3n de las vidas a las que servimos. Somos una organizaci\u00f3n no lucrativa que comparte un ministerio redentor con los m\u00e1s vulnerables desde el inicio hasta el final de sus vidas.<\/p>\n<h2 class=\"fw-special-title\">Nuestra Misi\u00f3n<\/h2>\n<p style=\"text-align: center;\">Buckner transforma las vidas de ni\u00f1os vulnerables, enriquece y edifica familias fortalecidas a trav\u00e9s de valores Cristo-c\u00e9ntricos.<\/p>\n<h2 class=\"fw-special-title\">Nuestra Visi\u00f3n<\/h2>\n<p style=\"text-align: center;\">Buckner establecer\u00e1 el est\u00e1ndar de excelencia entre ministerios de apoyo a ni\u00f1os vulnerables y familias.<\/p>\n<h2 class=\"fw-special-title\">Nuestros Valores<\/h2>\n<p style=\"text-align: center;\">Los valores organizacionales son esenciales, ya que definen la personalidad de Buckner y proveen a nuestros colaboradores claridad sobre c\u00f3mo nos comprometemos con el pr\u00f3jimo. En Buckner:<\/p>\n<p> <img decoding=\"async\" src=\"\/\/bucknerhonduras.org\/wp-content\/uploads\/2018\/03\/corazon-buckner-valores.png\" alt=\"\" \/><\/p>\n<p>SOMOS CRISTO-C\u00c9NTRICOS<\/p>\n<p> <img decoding=\"async\" src=\"\/\/bucknerhonduras.org\/wp-content\/uploads\/2018\/03\/corazon-buckner-valores.png\" alt=\"\" \/><\/p>\n<p>TENEMOS UN\u00a0 ALTO ESP\u00cdRITU DE SERVICIO<\/p>\n<p> <img decoding=\"async\" src=\"\/\/bucknerhonduras.org\/wp-content\/uploads\/2018\/03\/corazon-buckner-valores.png\" alt=\"\" \/><\/p>\n<p>NOS IMPULSA LA PASI\u00d3N<\/p>\n<p><!-- 1e14e968870ee907e1ef7620650e3148 --><\/p>\n","protected":false},"excerpt":{"rendered":"<p>\u00bfQui\u00e9nes Somos? setREVStartSize({c: &#8216;#rev_slider_8_1&#8217;, gridwidth: [1240], gridheight: [500], sliderLayout: &#8216;fullwidth&#8217;}); var revapi8, tpj; document.addEventListener(&#8220;DOMContentLoaded&#8221;, function()&#8230;<\/p>\n","protected":false},"author":1,"featured_media":0,"parent":483,"menu_order":0,"comment_status":"closed","ping_status":"closed","template":"visual-builder-template.php","meta":{"footnotes":""},"class_list":["post-672","page","type-page","status-publish","hentry"],"_links":{"self":[{"href":"https:\/\/bucknerhonduras.org\/index.php\/wp-json\/wp\/v2\/pages\/672","targetHints":{"allow":["GET"]}}],"collection":[{"href":"https:\/\/bucknerhonduras.org\/index.php\/wp-json\/wp\/v2\/pages"}],"about":[{"href":"https:\/\/bucknerhonduras.org\/index.php\/wp-json\/wp\/v2\/types\/page"}],"author":[{"embeddable":true,"href":"https:\/\/bucknerhonduras.org\/index.php\/wp-json\/wp\/v2\/users\/1"}],"replies":[{"embeddable":true,"href":"https:\/\/bucknerhonduras.org\/index.php\/wp-json\/wp\/v2\/comments?post=672"}],"version-history":[{"count":25,"href":"https:\/\/bucknerhonduras.org\/index.php\/wp-json\/wp\/v2\/pages\/672\/revisions"}],"predecessor-version":[{"id":676,"href":"https:\/\/bucknerhonduras.org\/index.php\/wp-json\/wp\/v2\/pages\/672\/revisions\/676"}],"up":[{"embeddable":true,"href":"https:\/\/bucknerhonduras.org\/index.php\/wp-json\/wp\/v2\/pages\/483"}],"wp:attachment":[{"href":"https:\/\/bucknerhonduras.org\/index.php\/wp-json\/wp\/v2\/media?parent=672"}],"curies":[{"name":"wp","href":"https:\/\/api.w.org\/{rel}","templated":true}]}}