{"id":49,"date":"2018-02-03T22:52:24","date_gmt":"2018-02-03T22:52:24","guid":{"rendered":"http:\/\/bucknerhonduras.org\/?page_id=49"},"modified":"2018-03-20T18:20:46","modified_gmt":"2018-03-20T18:20:46","slug":"noticias","status":"publish","type":"page","link":"https:\/\/bucknerhonduras.org\/index.php\/noticias\/","title":{"rendered":"Noticias"},"content":{"rendered":"<p><img decoding=\"async\" src=\"http:\/\/bucknerhonduras.org\/wp-content\/uploads\/2018\/03\/quienes-somos-buckner.jpg\" alt=\"\" title=\"quienes-somos-buckner\" data-bgposition=\"right center\" data-bgfit=\"cover\" data-bgrepeat=\"no-repeat\" class=\"rev-slidebg\" data-no-retina><br \/>\n Not\u00edcias<br \/>\nsetREVStartSize({c: &#8216;#rev_slider_13_1&#8217;, gridwidth: [1240], gridheight: [500], sliderLayout: &#8216;fullwidth&#8217;});<br \/>\nvar revapi13,<br \/>\n tpj;<br \/>\ndocument.addEventListener(&#8220;DOMContentLoaded&#8221;, function() {<br \/>\ntpj = jQuery; if(tpj(&#8220;#rev_slider_13_1&#8221;).revolution == undefined){<br \/>\n revslider_showDoubleJqueryError(&#8220;#rev_slider_13_1&#8221;);<br \/>\n }else{<br \/>\n revapi13 = tpj(&#8220;#rev_slider_13_1&#8243;).show().revolution({<br \/>\n sliderType:&#8221;hero&#8221;,<br \/>\n jsFileLocation:&#8221;\/\/bucknerhonduras.org\/wp-content\/plugins\/revslider\/public\/assets\/js\/&#8221;,<br \/>\n sliderLayout:&#8221;fullwidth&#8221;,<br \/>\n dottedOverlay:&#8221;none&#8221;,<br \/>\n delay:9000,<br \/>\n visibilityLevels:[1240,1024,778,480],<br \/>\n gridwidth:1240,<br \/>\n gridheight:500,<br \/>\n lazyType:&#8221;none&#8221;,<br \/>\n shadow:0,<br \/>\n spinner:&#8221;spinner0&#8243;,<br \/>\n autoHeight:&#8221;off&#8221;,<br \/>\n disableProgressBar:&#8221;on&#8221;,<br \/>\n hideThumbsOnMobile:&#8221;off&#8221;,<br \/>\n hideSliderAtLimit:0,<br \/>\n hideCaptionAtLimit:0,<br \/>\n hideAllCaptionAtLilmit:0,<br \/>\n debugMode:false,<br \/>\n fallbacks: {<br \/>\n simplifyAll:&#8221;off&#8221;,<br \/>\n disableFocusListener:false,<br \/>\n }<br \/>\n });<br \/>\n }<br \/>\n}); \/*ready*\/<br \/>\n <a href=\"http:\/\/bucknerhonduras.org\/index.php\/2018\/03\/16\/inauguracion-centro-de-esperanza\/\" class=\"post-thumbnail fw-block-image-child fw-ratio-16-9 fw-ratio-container\"><br \/>\n <img decoding=\"async\" src=\"http:\/\/bucknerhonduras.org\/wp-content\/uploads\/2018\/03\/inaugura_cef_7.jpg\" alt=\"inaugura_cef_7\" data-maxdpr=\"1.7\" class=\"attachment-post-thumbnail lazyload\" \/><br \/>\n <\/a><br \/>\n <a rel=\"bookmark\" href=\"http:\/\/bucknerhonduras.org\/index.php\/2018\/03\/16\/inauguracion-centro-de-esperanza\/\"><br \/>\n marzo 16, 2018<br \/>\n <\/a><\/p>\n<h4 class=\"entry-title\" itemprop=\"headline\">\n <a href=\"http:\/\/bucknerhonduras.org\/index.php\/2018\/03\/16\/inauguracion-centro-de-esperanza\/\">Inauguraci\u00f3n Centro de Esperanza<\/a><br \/>\n <\/h4>\n<p>Se inaugur\u00f3 un nuevo Centro de Esperanza Familiar &nbsp;<\/p>\n<p> <a href=\"http:\/\/bucknerhonduras.org\/index.php\/2018\/03\/16\/inauguracion-centro-de-esperanza\/\" class=\"fw-btn-post-read-more-blog fw-btn fw-btn-md fw-btn-1\" style=\"\"><br \/>\n Ver m\u00e1s<br \/>\n <\/a><br \/>\n <a href=\"http:\/\/bucknerhonduras.org\/index.php\/2018\/02\/04\/si-te-gustan-los-voluntariados-unete-al-movimiento-guatexguate\/\" class=\"post-thumbnail fw-block-image-child fw-ratio-16-9 fw-ratio-container\"><br \/>\n <img decoding=\"async\" src=\"http:\/\/bucknerhonduras.org\/wp-content\/uploads\/2018\/02\/volutarios_2017.jpg\" alt=\"volutarios_2017\" data-maxdpr=\"1.7\" class=\"attachment-post-thumbnail lazyload\" \/><br \/>\n <\/a><br \/>\n <a rel=\"bookmark\" href=\"http:\/\/bucknerhonduras.org\/index.php\/2018\/02\/04\/si-te-gustan-los-voluntariados-unete-al-movimiento-guatexguate\/\"><br \/>\n febrero 4, 2018<br \/>\n <\/a><\/p>\n<h4 class=\"entry-title\" itemprop=\"headline\">\n <a href=\"http:\/\/bucknerhonduras.org\/index.php\/2018\/02\/04\/si-te-gustan-los-voluntariados-unete-al-movimiento-guatexguate\/\">SI TE GUSTAN LOS VOLUNTARIADOS, \u00daNETE AL MOVIMIENTO #GUATEXGUATE<\/a><br \/>\n <\/h4>\n<p> <a href=\"http:\/\/bucknerhonduras.org\/index.php\/2018\/02\/04\/si-te-gustan-los-voluntariados-unete-al-movimiento-guatexguate\/\" class=\"fw-btn-post-read-more-blog fw-btn fw-btn-md fw-btn-1\" style=\"\"><br \/>\n Ver m\u00e1s<br \/>\n <\/a><br \/>\n <a href=\"http:\/\/bucknerhonduras.org\/index.php\/2018\/02\/04\/guatexguate-la-campana-que-nos-ensena-a-ayudar-al-projimo\/\" class=\"post-thumbnail fw-block-image-child fw-ratio-16-9 fw-ratio-container\"><br \/>\n <img decoding=\"async\" src=\"http:\/\/bucknerhonduras.org\/wp-content\/uploads\/2018\/02\/guatexguate_2017.jpg\" alt=\"guatexguate_2017\" data-maxdpr=\"1.7\" class=\"attachment-post-thumbnail lazyload\" \/><br \/>\n <\/a><br \/>\n <a rel=\"bookmark\" href=\"http:\/\/bucknerhonduras.org\/index.php\/2018\/02\/04\/guatexguate-la-campana-que-nos-ensena-a-ayudar-al-projimo\/\"><br \/>\n febrero 4, 2018<br \/>\n <\/a><\/p>\n<h4 class=\"entry-title\" itemprop=\"headline\">\n <a href=\"http:\/\/bucknerhonduras.org\/index.php\/2018\/02\/04\/guatexguate-la-campana-que-nos-ensena-a-ayudar-al-projimo\/\">#GUATEXGUATE LA CAMPA\u00d1A QUE NOS ENSE\u00d1A A AYUDAR AL PR\u00d3JIMO<\/a><br \/>\n <\/h4>\n<p>Buckner Guatemala present\u00f3 hoy #GuateXGuate, con el cual busca generar un movimiento nacional en el que todos los guatemaltecos colaboremos y demos la talla, generando cambios positivos en el pa\u00eds, apoyando a nuestros semejantes, en especial los m\u00e1s vulnerables, a trav\u00e9s de la campa\u00f1a #YoDoyLaTalla. Para ser parte del movimiento #GuateXGuate, Buckner Guatemala entregar\u00e1 como [&hellip;]<\/p>\n<p> <a href=\"http:\/\/bucknerhonduras.org\/index.php\/2018\/02\/04\/guatexguate-la-campana-que-nos-ensena-a-ayudar-al-projimo\/\" class=\"fw-btn-post-read-more-blog fw-btn fw-btn-md fw-btn-1\" style=\"\"><br \/>\n Ver m\u00e1s<br \/>\n <\/a><br \/>\n <a href=\"http:\/\/bucknerhonduras.org\/index.php\/2018\/02\/04\/25-nov-taller-informativo-acogimiento-familiar-temporal\/\" class=\"post-thumbnail fw-block-image-child fw-ratio-16-9 fw-ratio-container\"><br \/>\n <img decoding=\"async\" src=\"http:\/\/bucknerhonduras.org\/wp-content\/uploads\/2018\/02\/taller_informativo-25nov2017.jpg\" alt=\"taller_informativo-25nov2017\" data-maxdpr=\"1.7\" class=\"attachment-post-thumbnail lazyload\" \/><br \/>\n <\/a><br \/>\n <a rel=\"bookmark\" href=\"http:\/\/bucknerhonduras.org\/index.php\/2018\/02\/04\/25-nov-taller-informativo-acogimiento-familiar-temporal\/\"><br \/>\n febrero 4, 2018<br \/>\n <\/a><\/p>\n<h4 class=\"entry-title\" itemprop=\"headline\">\n <a href=\"http:\/\/bucknerhonduras.org\/index.php\/2018\/02\/04\/25-nov-taller-informativo-acogimiento-familiar-temporal\/\">25 NOV. TALLER INFORMATIVO: ACOGIMIENTO FAMILIAR TEMPORAL<\/a><br \/>\n <\/h4>\n<p>T\u00fa tambi\u00e9n puedes dar la talla por Guatemala. Si te interesa convertirte en una familia de acogimiento temporal, por favor cont\u00e1ctanos para conocer los requisitos y pasos.<\/p>\n<p> <a href=\"http:\/\/bucknerhonduras.org\/index.php\/2018\/02\/04\/25-nov-taller-informativo-acogimiento-familiar-temporal\/\" class=\"fw-btn-post-read-more-blog fw-btn fw-btn-md fw-btn-1\" style=\"\"><br \/>\n Ver m\u00e1s<br \/>\n <\/a><br \/>\n <a href=\"http:\/\/bucknerhonduras.org\/index.php\/2018\/02\/04\/21-nov-taller-informativo-acogimiento-temporal-chichicastenango\/\" class=\"post-thumbnail fw-block-image-child fw-ratio-16-9 fw-ratio-container\"><br \/>\n <img decoding=\"async\" src=\"http:\/\/bucknerhonduras.org\/wp-content\/uploads\/2018\/02\/taller_informativo-21nov2017.jpg\" alt=\"taller_informativo-21nov2017\" data-maxdpr=\"1.7\" class=\"attachment-post-thumbnail lazyload\" \/><br \/>\n <\/a><br \/>\n <a rel=\"bookmark\" href=\"http:\/\/bucknerhonduras.org\/index.php\/2018\/02\/04\/21-nov-taller-informativo-acogimiento-temporal-chichicastenango\/\"><br \/>\n febrero 4, 2018<br \/>\n <\/a><\/p>\n<h4 class=\"entry-title\" itemprop=\"headline\">\n <a href=\"http:\/\/bucknerhonduras.org\/index.php\/2018\/02\/04\/21-nov-taller-informativo-acogimiento-temporal-chichicastenango\/\">21 NOV. TALLER INFORMATIVO: ACOGIMIENTO TEMPORAL CHICHICASTENANGO<\/a><br \/>\n <\/h4>\n<p>En Buckner Guatemala nos enorgullece colaborar con la organizaci\u00f3n Chichicastenango Defiende la causa del Hu\u00e9rfano, impartiendo el Taller de Acogimiento Familiar Temporal. Cordialmente invitamos a todos en Chichicastenango a participar en dicho taller, para informarse de c\u00f3mo ayudar a los m\u00e1s vulnerables. Buckner Guatemala es una organizaci\u00f3n autorizada por la Secretar\u00eda de Bienestar Social, para [&hellip;]<\/p>\n<p> <a href=\"http:\/\/bucknerhonduras.org\/index.php\/2018\/02\/04\/21-nov-taller-informativo-acogimiento-temporal-chichicastenango\/\" class=\"fw-btn-post-read-more-blog fw-btn fw-btn-md fw-btn-1\" style=\"\"><br \/>\n Ver m\u00e1s<br \/>\n <\/a><br \/>\n <a href=\"http:\/\/bucknerhonduras.org\/index.php\/2018\/02\/04\/taller-informativo-acogimiento-temporal\/\" class=\"post-thumbnail fw-block-image-child fw-ratio-16-9 fw-ratio-container\"><br \/>\n <img decoding=\"async\" src=\"http:\/\/bucknerhonduras.org\/wp-content\/uploads\/2018\/02\/taller_informativo-6jul2017.jpg\" alt=\"taller_informativo-6jul2017\" data-maxdpr=\"1.7\" class=\"attachment-post-thumbnail lazyload\" \/><br \/>\n <\/a><br \/>\n <a rel=\"bookmark\" href=\"http:\/\/bucknerhonduras.org\/index.php\/2018\/02\/04\/taller-informativo-acogimiento-temporal\/\"><br \/>\n febrero 4, 2018<br \/>\n <\/a><\/p>\n<h4 class=\"entry-title\" itemprop=\"headline\">\n <a href=\"http:\/\/bucknerhonduras.org\/index.php\/2018\/02\/04\/taller-informativo-acogimiento-temporal\/\">TALLER INFORMATIVO ACOGIMIENTO TEMPORAL<\/a><br \/>\n <\/h4>\n<p>\u00a1T\u00fa puedes Dar La Talla por Guatemala! Si te interesa convertirte en una familia de acogimiento temporal, cont\u00e1ctanos para conocer los requisitos y pasos. Direcci\u00f3n: 10a. avenida 10-72 zona 1, Ciudad Guatemala. Ver evento en Facebook haciendo clic aqu\u00ed<\/p>\n<p> <a href=\"http:\/\/bucknerhonduras.org\/index.php\/2018\/02\/04\/taller-informativo-acogimiento-temporal\/\" class=\"fw-btn-post-read-more-blog fw-btn fw-btn-md fw-btn-1\" style=\"\"><br \/>\n Ver m\u00e1s<br \/>\n <\/a><\/p>\n<p><!-- 3dc93d735cb803a49e6f14fe72215985 --><\/p>\n","protected":false},"excerpt":{"rendered":"<p>Not\u00edcias setREVStartSize({c: &#8216;#rev_slider_13_1&#8217;, gridwidth: [1240], gridheight: [500], sliderLayout: &#8216;fullwidth&#8217;}); var revapi13, tpj; document.addEventListener(&#8220;DOMContentLoaded&#8221;, function() {&#8230;<\/p>\n","protected":false},"author":1,"featured_media":0,"parent":0,"menu_order":0,"comment_status":"closed","ping_status":"closed","template":"visual-builder-template.php","meta":{"footnotes":""},"class_list":["post-49","page","type-page","status-publish","hentry"],"_links":{"self":[{"href":"https:\/\/bucknerhonduras.org\/index.php\/wp-json\/wp\/v2\/pages\/49","targetHints":{"allow":["GET"]}}],"collection":[{"href":"https:\/\/bucknerhonduras.org\/index.php\/wp-json\/wp\/v2\/pages"}],"about":[{"href":"https:\/\/bucknerhonduras.org\/index.php\/wp-json\/wp\/v2\/types\/page"}],"author":[{"embeddable":true,"href":"https:\/\/bucknerhonduras.org\/index.php\/wp-json\/wp\/v2\/users\/1"}],"replies":[{"embeddable":true,"href":"https:\/\/bucknerhonduras.org\/index.php\/wp-json\/wp\/v2\/comments?post=49"}],"version-history":[{"count":9,"href":"https:\/\/bucknerhonduras.org\/index.php\/wp-json\/wp\/v2\/pages\/49\/revisions"}],"predecessor-version":[{"id":1079,"href":"https:\/\/bucknerhonduras.org\/index.php\/wp-json\/wp\/v2\/pages\/49\/revisions\/1079"}],"wp:attachment":[{"href":"https:\/\/bucknerhonduras.org\/index.php\/wp-json\/wp\/v2\/media?parent=49"}],"curies":[{"name":"wp","href":"https:\/\/api.w.org\/{rel}","templated":true}]}}