{"id":374,"date":"2018-02-14T22:43:00","date_gmt":"2018-02-14T22:43:00","guid":{"rendered":"http:\/\/bucknerhonduras.org\/?page_id=374"},"modified":"2018-08-27T15:38:51","modified_gmt":"2018-08-27T15:38:51","slug":"donar","status":"publish","type":"page","link":"https:\/\/bucknerhonduras.org\/index.php\/donar\/","title":{"rendered":"donacion"},"content":{"rendered":"<p><img decoding=\"async\" src=\"http:\/\/bucknerhonduras.org\/wp-content\/uploads\/2018\/03\/quienes-somos-buckner.jpg\" alt=\"\" title=\"quienes-somos-buckner\" data-bgposition=\"right center\" data-bgfit=\"cover\" data-bgrepeat=\"no-repeat\" class=\"rev-slidebg\" data-no-retina><br \/>\n Donar<br \/>\nsetREVStartSize({c: &#8216;#rev_slider_15_1&#8217;, gridwidth: [1240], gridheight: [500], sliderLayout: &#8216;fullwidth&#8217;});<br \/>\nvar revapi15,<br \/>\n tpj;<br \/>\ndocument.addEventListener(&#8220;DOMContentLoaded&#8221;, function() {<br \/>\ntpj = jQuery; if(tpj(&#8220;#rev_slider_15_1&#8221;).revolution == undefined){<br \/>\n revslider_showDoubleJqueryError(&#8220;#rev_slider_15_1&#8221;);<br \/>\n }else{<br \/>\n revapi15 = tpj(&#8220;#rev_slider_15_1&#8243;).show().revolution({<br \/>\n sliderType:&#8221;hero&#8221;,<br \/>\n jsFileLocation:&#8221;\/\/bucknerhonduras.org\/wp-content\/plugins\/revslider\/public\/assets\/js\/&#8221;,<br \/>\n sliderLayout:&#8221;fullwidth&#8221;,<br \/>\n dottedOverlay:&#8221;none&#8221;,<br \/>\n delay:9000,<br \/>\n visibilityLevels:[1240,1024,778,480],<br \/>\n gridwidth:1240,<br \/>\n gridheight:500,<br \/>\n lazyType:&#8221;none&#8221;,<br \/>\n shadow:0,<br \/>\n spinner:&#8221;spinner0&#8243;,<br \/>\n autoHeight:&#8221;off&#8221;,<br \/>\n disableProgressBar:&#8221;on&#8221;,<br \/>\n hideThumbsOnMobile:&#8221;off&#8221;,<br \/>\n hideSliderAtLimit:0,<br \/>\n hideCaptionAtLimit:0,<br \/>\n hideAllCaptionAtLilmit:0,<br \/>\n debugMode:false,<br \/>\n fallbacks: {<br \/>\n simplifyAll:&#8221;off&#8221;,<br \/>\n disableFocusListener:false,<br \/>\n }<br \/>\n });<br \/>\n }<br \/>\n}); \/*ready*\/<\/p>\n<h2 class=\"fw-special-title\">Tu donaci\u00f3n traer\u00e1 esperanza a los m\u00e1s necesitados<\/h2>\n<p>Durante los \u00faltimos 139 a\u00f1os, Buckner International se ha dedicado a transformar y restaurar a los m\u00e1s vulnerables. Nuestra misi\u00f3n est\u00e1 impulsada por la llamada en Santiago 1:27 a &#8220;cuidar de los hu\u00e9rfanos y las viudas en su angustia&#8221;.<\/p>\n<p>Cuando haga una donaci\u00f3n a Buckner, nos aseguraremos de que el 100% de su donaci\u00f3n se destine a hacer una diferencia en la vida de los m\u00e1s vulnerables.<\/p>\n<p>Ayude a transformar las vidas de los m\u00e1s vulnerables donando hoy.<\/p>\n<h2 class=\"fw-special-title\">Donaci\u00f3n en efectivo<\/h2>\n<h5>No. Cuenta: 0400076337 Nombre: Buckner DonacionesBanco IndustrialDep\u00f3sitos monetarios<\/h5>\n<h2 class=\"fw-special-title\">Donaci\u00f3n con tarjeta<\/h2>\n<h2 class=\"fw-special-title\">Informaci\u00f3n de donaci\u00f3n<\/h2>\n<p>Seleccione el monto que desea donar:<\/p>\n<p>&nbsp;<\/p>\n<p> <a href=\"#\" target=\"_self\" class=\"fw-btn tf-sh-78f13f1aba57ebbdc1348a9491e3ec4e fw-btn-md rsbtnDonation rsbtnDonation1 fw-btn-side-by-side fw-btn-1\" style=\"\"><br \/>\n Q50<br \/>\n <\/a><br \/>\n <a href=\"#\" target=\"_self\" class=\"fw-btn tf-sh-5930182824280ba65d5175a5092dcdab fw-btn-md rsbtnDonation rsbtnDonation2 fw-btn-side-by-side fw-btn-1\" style=\"\"><br \/>\n Q100<br \/>\n <\/a><br \/>\n <a href=\"#\" target=\"_self\" class=\"fw-btn tf-sh-3d342c596323e0b1e5bab5bb47ab038f fw-btn-md rsbtnDonation rsbtnDonation3 fw-btn-side-by-side fw-btn-1\" style=\"\"><br \/>\n Q200<br \/>\n <\/a><br \/>\n <a href=\"#\" target=\"_self\" class=\"fw-btn tf-sh-9e019a3f634239c75f79f750784eeec7 fw-btn-md rsbtnDonation rsbtnDonation4 fw-btn-side-by-side fw-btn-1\" style=\"\"><br \/>\n Q500<br \/>\n <\/a><br \/>\n <a href=\"#\" target=\"_self\" class=\"fw-btn tf-sh-7a044568021e9bd3a9b4fbfd04645752 fw-btn-md rsbtnDonation rsbtnDonation5 fw-btn-side-by-side fw-btn-1\" style=\"\"><br \/>\n Q1000<br \/>\n <\/a><br \/>\n O<br \/>\nIngrese un monto: Q <\/p>\n<h2>Informaci\u00f3n adicional<\/h2>\n<p> Repetir esta donaci\u00f3n mensualmente.<\/p>\n<h2>Datos del Donador<\/h2>\n<p>*Primer Nombre:<br \/>\n*Primer Apellido:<br \/>\n*Email:<br \/>\n*Tel\u00e9fono:<br \/>\nNIT:<br \/>\n*Direcci\u00f3n:<br \/>\n*C\u00f3digo Postal:<br \/>\n*Ciudad:<br \/>\n*Departamento:<br \/>\n*Pa\u00eds:<\/p>\n<h2>Datos de la tarjeta<\/h2>\n<p>*N\u00famero de tarjeta:<img decoding=\"async\" src=\"http:\/\/bucknerhonduras.org\/wp-content\/plugins\/woocommerce-other-payment-gateway\/assets\/cards2.png\" \/><br \/>\n*Fecha de vencimiento:<br \/>\n\u00a0<br \/>\n*C\u00f3digo de seguridad(CVV):<\/p>\n<p>Hacer Donaci\u00f3n<\/p>\n<p>Hacer donaci\u00f3n<br \/>\n\u00bfDesea completar la donaci\u00f3n?<br \/>\nACEPTAR CANCELAR<\/p>\n<h6 style=\"text-align: center;\">En Buckner Guatemala respetamos tu privacidad y trabajamos con los mejores proveedores de la industria para mantener tu transacci\u00f3n y datos seguros en todo momento.<\/h6>\n<p> <img decoding=\"async\" src=\"http:\/\/bucknerhonduras.org\/wp-content\/uploads\/2018\/03\/proveedores-tarjetas.png\" alt=\"proveedores-tarjetas\" data-maxdpr=\"1.7\" width=\"200\" class=\"lazyload\" \/><br \/>\n <img decoding=\"async\" src=\"http:\/\/bucknerhonduras.org\/wp-content\/uploads\/2018\/03\/certificado-ssl.png\" alt=\"certificado-ssl\" data-maxdpr=\"1.7\" width=\"150\" class=\"lazyload\" \/><\/p>\n<p><!-- 414cd596b4096f638849c5a71d709a75 --><\/p>\n","protected":false},"excerpt":{"rendered":"<p>Donar setREVStartSize({c: &#8216;#rev_slider_15_1&#8217;, gridwidth: [1240], gridheight: [500], sliderLayout: &#8216;fullwidth&#8217;}); var revapi15, tpj; document.addEventListener(&#8220;DOMContentLoaded&#8221;, function() {&#8230;<\/p>\n","protected":false},"author":1,"featured_media":0,"parent":0,"menu_order":0,"comment_status":"closed","ping_status":"closed","template":"visual-builder-template.php","meta":{"footnotes":""},"class_list":["post-374","page","type-page","status-publish","hentry"],"_links":{"self":[{"href":"https:\/\/bucknerhonduras.org\/index.php\/wp-json\/wp\/v2\/pages\/374","targetHints":{"allow":["GET"]}}],"collection":[{"href":"https:\/\/bucknerhonduras.org\/index.php\/wp-json\/wp\/v2\/pages"}],"about":[{"href":"https:\/\/bucknerhonduras.org\/index.php\/wp-json\/wp\/v2\/types\/page"}],"author":[{"embeddable":true,"href":"https:\/\/bucknerhonduras.org\/index.php\/wp-json\/wp\/v2\/users\/1"}],"replies":[{"embeddable":true,"href":"https:\/\/bucknerhonduras.org\/index.php\/wp-json\/wp\/v2\/comments?post=374"}],"version-history":[{"count":94,"href":"https:\/\/bucknerhonduras.org\/index.php\/wp-json\/wp\/v2\/pages\/374\/revisions"}],"predecessor-version":[{"id":1429,"href":"https:\/\/bucknerhonduras.org\/index.php\/wp-json\/wp\/v2\/pages\/374\/revisions\/1429"}],"wp:attachment":[{"href":"https:\/\/bucknerhonduras.org\/index.php\/wp-json\/wp\/v2\/media?parent=374"}],"curies":[{"name":"wp","href":"https:\/\/api.w.org\/{rel}","templated":true}]}}