{"id":312,"date":"2018-02-05T17:08:01","date_gmt":"2018-02-05T17:08:01","guid":{"rendered":"http:\/\/bucknerhonduras.org\/?page_id=312"},"modified":"2019-05-07T17:50:41","modified_gmt":"2019-05-07T17:50:41","slug":"iglesias","status":"publish","type":"page","link":"https:\/\/bucknerhonduras.org\/index.php\/involucrate\/iglesias\/","title":{"rendered":"Iglesias"},"content":{"rendered":"<section class=\"fw-main-row  auto  fw-section-position-back\">\n<div class=\"fw-container\">\n<div class=\"fw-row\">\n<div id=\"column-5cd1c570da0bb\" class=\"fw-col-sm-12 tf-sh-0e3156d6aa436954d8b583716cc9f30c\">\n<div class=\"fw-wrap-col-inner clearfix  \">\n<div class=\"fw-col-inner\">\n<div id=\"rev_slider_5_1_wrapper\" class=\"rev_slider_wrapper fullwidthbanner-container\" data-alias=\"slide_voluntariado_iglesias\" data-source=\"gallery\" style=\"margin:0px auto;background:transparent;padding:0px;margin-top:0px;margin-bottom:0px\">\n<!-- START REVOLUTION SLIDER 5.4.6.6 fullwidth mode --><\/p>\n<div id=\"rev_slider_5_1\" class=\"rev_slider fullwidthabanner\" data-version=\"5.4.6.6\">\n<ul>\t<!-- SLIDE  --><\/p>\n<li data-index=\"rs-8\" data-transition=\"fade\" data-slotamount=\"default\" data-hideafterloop=\"0\" data-hideslideonmobile=\"off\" data-easein=\"default\" data-easeout=\"default\" data-masterspeed=\"300\" data-rotate=\"0\" data-saveperformance=\"off\" data-title=\"Slide\" data-description=\"\">\n\t\t<!-- MAIN IMAGE --><br \/>\n\t\t<img loading=\"lazy\" decoding=\"async\" src=\"http:\/\/bucknerhonduras.org\/wp-content\/uploads\/2018\/03\/producto_7a.jpg\" alt=\"\" title=\"producto_7a\" width=\"600\" height=\"318\" data-bgposition=\"center center\" data-bgfit=\"cover\" data-bgrepeat=\"no-repeat\" class=\"rev-slidebg\" data-no-retina><br \/>\n\t\t<!-- LAYERS --><\/p>\n<p>\t\t<!-- LAYER NR. 1 --><\/p>\n<div class=\"tp-caption   tp-resizeme\" id=\"slide-8-layer-3\" data-x=\"706\" data-y=\"294\" data-width=\"['auto']\" data-height=\"['auto']\" data-type=\"text\" data-frames='[{\"delay\":0,\"speed\":300,\"frame\":\"0\",\"from\":\"opacity:0;\",\"to\":\"o:1;\",\"ease\":\"Power3.easeInOut\"},{\"delay\":\"wait\",\"speed\":300,\"frame\":\"999\",\"to\":\"opacity:0;\",\"ease\":\"Power3.easeInOut\"}]' data-textAlign=\"['inherit','inherit','inherit','inherit']\" data-paddingtop=\"[0,0,0,0]\" data-paddingright=\"[0,0,0,0]\" data-paddingbottom=\"[0,0,0,0]\" data-paddingleft=\"[0,0,0,0]\" style=\"font-size: 100px;line-height: 22px;font-weight: 700;color: #ffffff;letter-spacing: 0px;font-family:Oswald\">\u00a1Invol\u00facrate! <\/div>\n<\/li>\n<\/ul>\n<div class=\"tp-bannertimer tp-bottom\"><\/div><\/div><\/div>\n<p><!-- END REVOLUTION SLIDER -->\t\t<\/div><\/div>\n<\/div>\n<\/div><\/div>\n<\/section>\n<section class=\"fw-main-row-custom  auto  fw-section-position-back tf-sh-4409becdb0778ebd15d421ce8c64f2bd\">\n<div class=\"fw-container\">\n<div class=\"fw-row\">\n<div id=\"column-5cd1c57105d13\" class=\"fw-col-sm-12 tf-sh-ec94b22e8ea1cb3a17ffcda6a619ac0d\">\n<div class=\"fw-wrap-col-inner clearfix  \">\n<div class=\"fw-col-inner\">\n<div class=\"fw-text-box tf-sh-d9c065665595b23940514ce60d8586ca \">\n<div class=\"fw-text-inner\">\n<p style=\"text-align: center\">\u00a1Dar la talla es hacer que juntos generemos el cambio!<\/p>\n<\/p><\/div>\n<\/div>\n<div class=\"fw-divider-space space-md  clearfix\"><\/div>\n<div class=\"fw-text-box tf-sh-eb7e761fb2f8ce3c7c07b3efa341ce15 \">\n<div class=\"fw-text-inner\">\n<p style=\"text-align: left\">Invol\u00facrate con tu Iglesia en el movimiento nacional m\u00e1s importante a favor de hacer brillar la esperanza en los m\u00e1s vulnerables, y vivamos juntos el llamado de Santiago 1:27: \u201cServir a la viuda y al hu\u00e9rfano en su sufrimiento.\u201d<\/p>\n<\/p><\/div>\n<\/div>\n<div class=\"fw-divider-space space-sm  clearfix\"><\/div>\n<div class=\"fw-text-box tf-sh-e01027c968cac9b265be7e0fcd2fe109 \">\n<div class=\"fw-text-inner\">\n<p style=\"text-align: center\">\u00a1Este es un ministerio como ning\u00fan otro!<\/p>\n<\/p><\/div>\n<\/div>\n<div class=\"fw-divider-space space-sm  clearfix\"><\/div>\n<div class=\"fw-text-box tf-sh-25ebed4d1e9c1999702b3cbf6c4b0da0 \">\n<div class=\"fw-text-inner\">\n<p>Aqu\u00ed en Buckner Guatemala, nuestros beneficiarios tienen un nombre y un rostro. Al involucrarte con tu iglesia, tendr\u00e1s la oportunidad de escuchar sus historias y compartirles tu coraz\u00f3n de primera mano; orar\u00e1s con ellos y por ello, mientras sirves a su lado.<\/p>\n<p>A continuaci\u00f3n, te compartimos una breve lista de opciones de como tu iglesia puede involucrarse con Buckner Guatemala:<\/p>\n<p>Apoyando en el reclutamiento de Familias de Acogimiento Temporal: Buckner Guatemala es una de las organizaciones certificadas para ejecutar todo el proceso relacionado a Familias de Acogimiento Temporal en Guatemala, beneficiando a ni\u00f1os en riesgo de abuso o negligencia- por medio del cual ayudamos a ni\u00f1os a encontrar familias que tomen cuidado de ellos de una manera temporal. T\u00fa y tu iglesia pueden ayudar a estos ni\u00f1os identificando familias potenciales las cuales se puedan certificar como Familias de Acogimiento Temporal. Si deseas que las familias de tu iglesia reciban m\u00e1s informaci\u00f3n sobre Acogimiento Familiar Temporal nos puedes contactar al (502) 2306-0800 y uno de nuestros especialistas te contactar\u00e1.<\/p>\n<\/p><\/div>\n<\/div>\n<div class=\"fw-divider-space space-md  clearfix\"><\/div>\n<div class=\"fw-text-box tf-sh-b8ff640ad824e3a1a4c6edb0d2f7ce42 \">\n<div class=\"fw-text-inner\">\n<p><a href=\"http:\/\/bucknerhonduras.org\/index.php\/acogimiento-familiar\/\"><\/p>\n<p style=\"text-align: center\">Para m\u00e1s informaci\u00f3n sobre Familias de Acogimiento Temporal, haga clic aqu\u00ed<\/p>\n<p><\/a><\/p>\n<\/p><\/div>\n<\/div>\n<div class=\"fw-divider-space space-md  clearfix\"><\/div>\n<div class=\"fw-text-box tf-sh-76a5d4cba8ff7122d0e9530196bcdfc2 \">\n<div class=\"fw-text-inner\">\n<p>Colecta de zapatos nuevos para ni\u00f1os en necesidad: Puedes unirte a nosotros recaudando zapatos y calcetines nuevos para ni\u00f1os que desesperadamente necesitan apoyo. Buckner provee zapatos nuevos y calcetines a m\u00e1s de 60 mil ni\u00f1os vulnerables anualmente en Guatemala.<\/p>\n<p>Voluntariado: Tu iglesia puede cambiar vidas involucr\u00e1ndose con Buckner, compartiendo con aquellos en necesidad a trav\u00e9s de:<\/p>\n<\/p><\/div>\n<\/div>\n<div class=\"fw-divider-space space-md  clearfix\"><\/div><\/div><\/div>\n<\/div>\n<\/div><\/div>\n<\/section>\n<section class=\"fw-main-row-custom  auto  fw-section-position-back tf-sh-2d43480e734f7a6501bc61827cd0d072\">\n<div class=\"fw-container\">\n<div class=\"fw-row\">\n<div id=\"column-5cd1c5710eb4f\" class=\"fw-col-sm-4 tf-sh-15206e090b7876b8bbb59f344ccff167\">\n<div class=\"fw-wrap-col-inner clearfix   fw-column-height-custom\" style=\"height: 150px\">\n<div class=\"fw-col-inner\">\n<div class=\"fw-text-box tf-sh-0a0c202942dcfa094f2ce5a0ad5b60bc  fw-animated-element\" data-animation-type=\"fadeInUp\" data-animation-delay=\"400\">\n<div class=\"fw-text-inner\">\n<p style=\"text-align: center\"><span style=\"color: #ffffff\">Colecta de zapatos nuevos para ni\u00f1os en necesidad: Puedes unirte a nosotros recaudando zapatos y calcetines nuevos para ni\u00f1os que necesitan apoyo<\/span><\/p>\n<\/p><\/div>\n<\/div><\/div><\/div>\n<\/div>\n<div id=\"column-5cd1c57112200\" class=\"fw-col-sm-4 tf-sh-a98417db6b448b746e4d791d54032bf5\">\n<div class=\"fw-wrap-col-inner clearfix   fw-column-height-custom\" style=\"height: 150px\">\n<div class=\"fw-col-inner\">\n<div class=\"fw-text-box tf-sh-09a3542f43fba502def205792a7786e2  fw-animated-element\" data-animation-type=\"fadeInUp\" data-animation-delay=\"400\">\n<div class=\"fw-text-inner\">\n<p style=\"text-align: center\"><span style=\"color: #ffffff\">Jornadas de entrega de zapatos nuevos a ni\u00f1os vulnerables<\/span><\/p>\n<\/p><\/div>\n<\/div><\/div><\/div>\n<\/div>\n<div id=\"column-5cd1c57114a46\" class=\"fw-col-sm-4 tf-sh-e01500b6962afee21a36712e89941820\">\n<div class=\"fw-wrap-col-inner clearfix   fw-column-height-custom\" style=\"height: 150px\">\n<div class=\"fw-col-inner\">\n<div class=\"fw-text-box tf-sh-50db4746edba961ddcabc4cad2d73424  fw-animated-element\" data-animation-type=\"fadeInUp\" data-animation-delay=\"400\">\n<div class=\"fw-text-inner\">\n<p style=\"text-align: center\"><span style=\"color: #ffffff\">Proyectos de construcci\u00f3n y mejora de vivienda<\/span><\/p>\n<\/p><\/div>\n<\/div><\/div><\/div>\n<\/div>\n<\/div>\n<div class=\"fw-row\">\n<div id=\"column-5cd1c57115dc5\" class=\"fw-col-sm-4 tf-sh-03f805248d83daa90c96d17b1fea93de\">\n<div class=\"fw-wrap-col-inner clearfix   fw-column-height-custom\" style=\"height: 150px\">\n<div class=\"fw-col-inner\">\n<div class=\"fw-text-box tf-sh-56c3eb31f5c429fb69e1d8a6c15e606e  fw-animated-element\" data-animation-type=\"fadeInUp\" data-animation-delay=\"400\">\n<div class=\"fw-text-inner\">\n<p style=\"text-align: center\"><span style=\"color: #ffffff\">Jornadas m\u00e9dicas<\/span><\/p>\n<\/p><\/div>\n<\/div><\/div><\/div>\n<\/div>\n<div id=\"column-5cd1c57116b28\" class=\"fw-col-sm-4 tf-sh-d1f26e24e70f8fa29a71d8ab2050f940\">\n<div class=\"fw-wrap-col-inner clearfix   fw-column-height-custom\" style=\"height: 150px\">\n<div class=\"fw-col-inner\">\n<div class=\"fw-text-box tf-sh-7d2faeec5e0b404d3a23a221650953d5  fw-animated-element\" data-animation-type=\"fadeInUp\" data-animation-delay=\"400\">\n<div class=\"fw-text-inner\">\n<p style=\"text-align: center\"><span style=\"color: #ffffff\">Actividades variadas de empoderamiento comunitario<\/span><\/p>\n<\/p><\/div>\n<\/div><\/div><\/div>\n<\/div>\n<div id=\"column-5cd1c571179db\" class=\"fw-col-sm-4 tf-sh-962266f791201c9c5b13d61d7337588a\">\n<div class=\"fw-wrap-col-inner clearfix   fw-column-height-custom\" style=\"height: 150px\">\n<div class=\"fw-col-inner\">\n<div class=\"fw-text-box tf-sh-dfbb4b4721fc360222a69b19332a626e  fw-animated-element\" data-animation-type=\"fadeInUp\" data-animation-delay=\"400\">\n<div class=\"fw-text-inner\">\n<p style=\"text-align: center\"><span style=\"color: #ffffff\">Proyectos de fortalecimiento nutricional- beneficiando estrat\u00e9gicamente a ni\u00f1os y familias del corredor seco<\/span><\/p>\n<\/p><\/div>\n<\/div><\/div><\/div>\n<\/div>\n<\/div>\n<div class=\"fw-row\">\n<div id=\"column-5cd1c57118b48\" class=\"fw-col-sm-12 tf-sh-0b7fadf088bc431e3b6713d235a2784e\">\n<div class=\"fw-wrap-col-inner clearfix  \">\n<div class=\"fw-col-inner\">\n<div class=\"fw-divider-space space-md  fw-mobile-hide-element clearfix\"><\/div>\n<div class=\"fw-text-box tf-sh-3ac99a281a2066a964849681853f8e4c \">\n<div class=\"fw-text-inner\">\n<p>Nosotros gustosamente nos encargaremos de organizar la actividad de principio a fin y a trav\u00e9s de una cuota de voluntariado, cada uno de tus colaboradores recibir\u00e1 un kit que incluye:<\/p>\n<ul>\n<li>Playera de Buckner Guatemala<\/li>\n<li>Breve capacitaci\u00f3n<\/li>\n<li>Transporte ida y vuelta de tu iglesia al sitio de voluntariado<\/li>\n<li>Box Lunch<\/li>\n<li>Y un regalo especial de parte nuestra<\/li>\n<\/ul><\/div>\n<\/div>\n<div class=\"fw-divider-space  fw-custom-space  fw-mobile-hide-element clearfix\" style=\"height:60px\"><\/div>\n<div class=\"fw-text-box tf-sh-ab7e50abfce69236c559a68fd84c6b7f \">\n<div class=\"fw-text-inner\">\n<p style=\"text-align: center\">\u00a1Para empezar a involucrar a tu iglesia en el ministerio llenando el formulario de inscripci\u00f3n ac\u00e1 abajo y nuestro Gerente de Movilizaci\u00f3n de Iglesias te contactar\u00e1!<\/p>\n<\/p><\/div>\n<\/div>\n<div class=\"fw-divider-space  fw-custom-space  fw-mobile-hide-element clearfix\" style=\"height:60px\"><\/div><\/div><\/div>\n<\/div>\n<\/div>\n<div class=\"fw-row\">\n<div id=\"column-5cd1c5711ad91\" class=\"fw-col-sm-12 tf-sh-0e3156d6aa436954d8b583716cc9f30c\">\n<div class=\"fw-wrap-col-inner clearfix  \">\n<div class=\"fw-col-inner\">\n<div class=\"fw-divider-space space-md  clearfix\"><\/div><\/div><\/div>\n<\/div>\n<\/div><\/div>\n<\/section>\n<section data-parallax-background-speed=\"3\" class=\"fw-main-row-custom  fw_theme_bg_fw-custom fw-section-image auto  parallax-section fw-section-position-back tf-sh-876f99c1015b39dc752c57b82e17c5e8\" style=\"background-image:url(http:\/\/bucknerhonduras.org\/wp-content\/uploads\/2018\/02\/back_itemsParallax5.jpg)\">\n<div class=\"fw-container\">\n<div class=\"fw-row\">\n<div id=\"column-5cd1c5711d026\" class=\"fw-col-sm-8 tf-sh-e7d798f2df1c8c72912d0b9ec3c6d435\">\n<div class=\"fw-wrap-col-inner clearfix  \">\n<div class=\"fw-col-inner\">\n<div class=\"fw-heading fw-heading-center  tf-sh-bcf1f00bf9d183e285d7a0477f5181ef\">\n<h4 class=\"fw-special-title\">FORMULARIO DE INSCRIPCI\u00d3N<\/h4>\n<\/p><\/div>\n<div class=\"fw-divider-space space-sm  clearfix\"><\/div>\n<div class=\"fw-contact-form tf-sh-98189aaa33f79de55bbb34becf9ecd62 \" data-redirect-page=\"\">\n<div class=\"fw-row wrap-forms wrap-contact-forms\">\n<div class=\"fw-row\"><\/div>\n<div class=\"fw-row\">\n<div class=\"fw-col-xs-12 fw-col-sm-8 form-builder-item\">\n<div class=\"field-text\"><\/div>\n<\/div>\n<\/div>\n<div class=\"fw-row\">\n<div class=\"fw-col-xs-12 fw-col-sm-8 form-builder-item\">\n<div class=\"field-text\"><\/div>\n<\/div>\n<\/div>\n<div class=\"fw-row\">\n<div class=\"fw-col-xs-12 fw-col-sm-8 form-builder-item\">\n<div class=\"field-text\"><\/div>\n<\/div>\n<\/div>\n<div class=\"fw-row\">\n<div class=\"fw-col-xs-12 fw-col-sm-8 form-builder-item\">\n<div class=\"field-text\"><\/div>\n<\/div>\n<\/div>\n<div class=\"fw-row\">\n<div class=\"fw-col-xs-12 fw-col-sm-8 form-builder-item\">\n<div class=\"field-text\"><\/div>\n<\/div>\n<\/div>\n<div class=\"fw-row\">\n<div class=\"fw-col-xs-12 fw-col-sm-8 form-builder-item\">\n<div class=\"field-text\"><\/div>\n<\/div>\n<\/div>\n<div class=\"fw-row\">\n<div class=\"fw-col-xs-12 fw-col-sm-8 form-builder-item\">\n<div class=\"field-text\"><\/div>\n<\/div>\n<\/div>\n<div class=\"fw-row\">\n<div class=\"fw-col-xs-12 fw-col-sm-6 form-builder-item\">\n<div class=\"field-recaptcha\">\n\t\t<label><\/label><\/p>\n<div class=\"form-builder-item-recaptcha\"><\/div><\/div>\n<\/div>\n<\/div>\n<div class=\"fw-row\">\n<div class=\"fw-col-sm-12 field-submit text-left\">\n\t\t\t<button type=\"submit\" class=\"fw-btn  fw-btn-lg fw-btn-1\"><br \/>\n\t\t\t\t<span><br \/>\n\t\t\t\t\t\t\t\t\t\t\tENVIAR\t\t\t\t\t\t\t\t\t<\/span><br \/>\n\t\t\t<\/button>\n\t\t<\/div><\/div><\/div>\n<\/div>\n<div class=\"fw-divider-space space-sm  clearfix\"><\/div><\/div><\/div>\n<\/div>\n<\/div><\/div>\n<\/section>\n<p><!-- ddfafb20d983ba14c65dd15a071e8f94 --><\/p>\n","protected":false},"excerpt":{"rendered":"<p>\u00a1Invol\u00facrate! \u00a1Dar la talla es hacer que juntos generemos el cambio! Invol\u00facrate con tu Iglesia&#8230;<\/p>\n","protected":false},"author":1,"featured_media":0,"parent":913,"menu_order":0,"comment_status":"closed","ping_status":"closed","template":"visual-builder-template.php","meta":{"footnotes":""},"class_list":["post-312","page","type-page","status-publish","hentry"],"_links":{"self":[{"href":"https:\/\/bucknerhonduras.org\/index.php\/wp-json\/wp\/v2\/pages\/312","targetHints":{"allow":["GET"]}}],"collection":[{"href":"https:\/\/bucknerhonduras.org\/index.php\/wp-json\/wp\/v2\/pages"}],"about":[{"href":"https:\/\/bucknerhonduras.org\/index.php\/wp-json\/wp\/v2\/types\/page"}],"author":[{"embeddable":true,"href":"https:\/\/bucknerhonduras.org\/index.php\/wp-json\/wp\/v2\/users\/1"}],"replies":[{"embeddable":true,"href":"https:\/\/bucknerhonduras.org\/index.php\/wp-json\/wp\/v2\/comments?post=312"}],"version-history":[{"count":53,"href":"https:\/\/bucknerhonduras.org\/index.php\/wp-json\/wp\/v2\/pages\/312\/revisions"}],"predecessor-version":[{"id":934,"href":"https:\/\/bucknerhonduras.org\/index.php\/wp-json\/wp\/v2\/pages\/312\/revisions\/934"}],"up":[{"embeddable":true,"href":"https:\/\/bucknerhonduras.org\/index.php\/wp-json\/wp\/v2\/pages\/913"}],"wp:attachment":[{"href":"https:\/\/bucknerhonduras.org\/index.php\/wp-json\/wp\/v2\/media?parent=312"}],"curies":[{"name":"wp","href":"https:\/\/api.w.org\/{rel}","templated":true}]}}