{"id":30,"date":"2018-02-03T21:46:06","date_gmt":"2018-02-03T21:46:06","guid":{"rendered":"http:\/\/bucknerhonduras.org\/?page_id=30"},"modified":"2018-03-22T18:01:07","modified_gmt":"2018-03-22T18:01:07","slug":"centros-de-esperanza-familiar","status":"publish","type":"page","link":"https:\/\/bucknerhonduras.org\/index.php\/que-hacemos\/centros-de-esperanza-familiar\/","title":{"rendered":"Centros de Esperanza Familiar"},"content":{"rendered":"<p><img decoding=\"async\" src=\"http:\/\/bucknerhonduras.org\/wp-content\/uploads\/2018\/03\/cef-slide.jpg\" alt=\"\" title=\"cef-slide\" data-bgposition=\"center center\" data-bgfit=\"cover\" data-bgrepeat=\"no-repeat\" class=\"rev-slidebg\" data-no-retina><br \/>\n Centros de<br \/>\n Esperanza Familiar<br \/>\nsetREVStartSize({c: &#8216;#rev_slider_7_1&#8217;, gridwidth: [1240], gridheight: [500], sliderLayout: &#8216;fullwidth&#8217;});<br \/>\nvar revapi7,<br \/>\n tpj;<br \/>\ndocument.addEventListener(&#8220;DOMContentLoaded&#8221;, function() {<br \/>\ntpj = jQuery; if(tpj(&#8220;#rev_slider_7_1&#8221;).revolution == undefined){<br \/>\n revslider_showDoubleJqueryError(&#8220;#rev_slider_7_1&#8221;);<br \/>\n }else{<br \/>\n revapi7 = tpj(&#8220;#rev_slider_7_1&#8243;).show().revolution({<br \/>\n sliderType:&#8221;hero&#8221;,<br \/>\n jsFileLocation:&#8221;\/\/bucknerhonduras.org\/wp-content\/plugins\/revslider\/public\/assets\/js\/&#8221;,<br \/>\n sliderLayout:&#8221;fullwidth&#8221;,<br \/>\n dottedOverlay:&#8221;none&#8221;,<br \/>\n delay:9000,<br \/>\n visibilityLevels:[1240,1024,778,480],<br \/>\n gridwidth:1240,<br \/>\n gridheight:500,<br \/>\n lazyType:&#8221;none&#8221;,<br \/>\n shadow:0,<br \/>\n spinner:&#8221;spinner0&#8243;,<br \/>\n autoHeight:&#8221;off&#8221;,<br \/>\n disableProgressBar:&#8221;on&#8221;,<br \/>\n hideThumbsOnMobile:&#8221;off&#8221;,<br \/>\n hideSliderAtLimit:0,<br \/>\n hideCaptionAtLimit:0,<br \/>\n hideAllCaptionAtLilmit:0,<br \/>\n debugMode:false,<br \/>\n fallbacks: {<br \/>\n simplifyAll:&#8221;off&#8221;,<br \/>\n disableFocusListener:false,<br \/>\n }<br \/>\n });<br \/>\n }<br \/>\n}); \/*ready*\/<\/p>\n<p style=\"text-align: center;\">\u201cA trav\u00e9s de este programa Preservamos y Fortalecemos las Familias\u201d<\/p>\n<p>Los centros de esperanza familiar buscan mantener a las familias unidas provey\u00e9ndoles servicios, ayuda y capacitaciones para mantener a los miembros de la familia fortalecidos y que disminuya la tendencia a abusos, negligencia en el hogar y ni\u00f1os retirados de casa.<\/p>\n<p>Nuestros centros de esperanza est\u00e1n enfocados en la ni\u00f1ez; lugares de enfoque familiar donde las familias van y encuentran esperanza, apoyo y empoderamiento en sus comunidades para alcanzar su mayor potencial dado por Dios. La clave del \u00e9xito de los Centros de Esperanza Familiar se encuentra en combinar programas efectivos y personas apasionadas a ayudar familias que se enfrentan a la pobreza, problemas familiares y falta de servicios.<\/p>\n<p>Nuestro programa busca comprometerse a trav\u00e9s de la asistencia de familias y eventos comunitarios, equipar familias a trav\u00e9s de la educaci\u00f3n, empoderamiento financiero, desarrollo de ni\u00f1os y j\u00f3venes y crecimiento espiritual; levantar familias a trav\u00e9s de consejer\u00eda familiar, capacitaciones y enriquecimiento espiritual.<\/p>\n<p>Las familias aprenden sobre el cuidado y el respeto al uno al otro. Descubren talentos y oportunidades. Como resultado, las familias rompen el ciclo de pobreza a trav\u00e9s de la educaci\u00f3n y mejores empleos. Se convierten en l\u00edderes enfocados al servicio.<\/p>\n<p style=\"text-align: center;\"><a href=\"http:\/\/bucknerhonduras.org\/wp-content\/uploads\/2018\/03\/buckner-metodolog\u00eda-cef.pdf\" t target=\"_blank\">CONOZCA M\u00c1S SOBRENUESTRA METODOLOG\u00cdA AQU\u00cd<\/a><\/p>\n<p style=\"text-align: center;\">UBICACIONES<\/p>\n<p> <img decoding=\"async\" src=\"\/\/bucknerhonduras.org\/wp-content\/uploads\/2018\/02\/ico_ubicacion.png\" alt=\"\" \/> <\/p>\n<h5 class=\"fw-icon-title-text\">\n Metropolitano, Ciudad de Guatemala Zona 1 <\/h5>\n<p> <img decoding=\"async\" src=\"\/\/bucknerhonduras.org\/wp-content\/uploads\/2018\/02\/ico_ubicacion.png\" alt=\"\" \/> <\/p>\n<h5 class=\"fw-icon-title-text\">\n San Jos\u00e9 Pinula <\/h5>\n<p> <img decoding=\"async\" src=\"\/\/bucknerhonduras.org\/wp-content\/uploads\/2018\/02\/ico_ubicacion.png\" alt=\"\" \/> <\/p>\n<h5 class=\"fw-icon-title-text\">\n Jocotenango <\/h5>\n<h2 class=\"fw-special-title\">QU\u00c9 HACEMOS<\/h2>\n<p>Damos la bienvenida a todos con amor y respeto<\/p>\n<p>Iniciamos con el fortalecimiento de las familias<\/p>\n<p>Empoderamos para la independencia<\/p>\n<p>La calidad y excelencia en el servicio es nuestra prioridad<\/p>\n<p>Siembre trabajamos con la asistencia y apoyo de voluntarios<\/p>\n<p>Compartimos el evangelio a trav\u00e9s de un comportamiento como el de Cristo<\/p>\n<p><!-- b8432e4f3c0e9a8448f7f1d1b1996d8d --><\/p>\n","protected":false},"excerpt":{"rendered":"<p>Centros de Esperanza Familiar setREVStartSize({c: &#8216;#rev_slider_7_1&#8217;, gridwidth: [1240], gridheight: [500], sliderLayout: &#8216;fullwidth&#8217;}); var revapi7, tpj;&#8230;<\/p>\n","protected":false},"author":1,"featured_media":0,"parent":538,"menu_order":0,"comment_status":"closed","ping_status":"closed","template":"visual-builder-template.php","meta":{"footnotes":""},"class_list":["post-30","page","type-page","status-publish","hentry"],"_links":{"self":[{"href":"https:\/\/bucknerhonduras.org\/index.php\/wp-json\/wp\/v2\/pages\/30","targetHints":{"allow":["GET"]}}],"collection":[{"href":"https:\/\/bucknerhonduras.org\/index.php\/wp-json\/wp\/v2\/pages"}],"about":[{"href":"https:\/\/bucknerhonduras.org\/index.php\/wp-json\/wp\/v2\/types\/page"}],"author":[{"embeddable":true,"href":"https:\/\/bucknerhonduras.org\/index.php\/wp-json\/wp\/v2\/users\/1"}],"replies":[{"embeddable":true,"href":"https:\/\/bucknerhonduras.org\/index.php\/wp-json\/wp\/v2\/comments?post=30"}],"version-history":[{"count":65,"href":"https:\/\/bucknerhonduras.org\/index.php\/wp-json\/wp\/v2\/pages\/30\/revisions"}],"predecessor-version":[{"id":1257,"href":"https:\/\/bucknerhonduras.org\/index.php\/wp-json\/wp\/v2\/pages\/30\/revisions\/1257"}],"up":[{"embeddable":true,"href":"https:\/\/bucknerhonduras.org\/index.php\/wp-json\/wp\/v2\/pages\/538"}],"wp:attachment":[{"href":"https:\/\/bucknerhonduras.org\/index.php\/wp-json\/wp\/v2\/media?parent=30"}],"curies":[{"name":"wp","href":"https:\/\/api.w.org\/{rel}","templated":true}]}}