{"id":232,"date":"2018-02-05T00:14:53","date_gmt":"2018-02-05T00:14:53","guid":{"rendered":"http:\/\/bucknerhonduras.org\/?page_id=232"},"modified":"2018-03-22T17:31:16","modified_gmt":"2018-03-22T17:31:16","slug":"acogimiento-familiar","status":"publish","type":"page","link":"https:\/\/bucknerhonduras.org\/index.php\/que-hacemos\/acogimiento-familiar\/","title":{"rendered":"Acogimiento Familiar Temporal"},"content":{"rendered":"<p><img decoding=\"async\" src=\"http:\/\/bucknerhonduras.org\/wp-content\/uploads\/2018\/03\/acogimiento-familiar-temporal-slider.jpg\" alt=\"\" data-bgposition=\"center center\" data-bgfit=\"cover\" data-bgrepeat=\"no-repeat\" class=\"rev-slidebg\" data-no-retina><br \/>\n Acogimiento<br \/>\n Familiar Temporal<br \/>\n Familiar Temporal<br \/>\nsetREVStartSize({c: &#8216;#rev_slider_6_1&#8217;, gridwidth: [1240], gridheight: [500], sliderLayout: &#8216;fullwidth&#8217;});<br \/>\nvar revapi6,<br \/>\n tpj;<br \/>\ndocument.addEventListener(&#8220;DOMContentLoaded&#8221;, function() {<br \/>\ntpj = jQuery; if(tpj(&#8220;#rev_slider_6_1&#8221;).revolution == undefined){<br \/>\n revslider_showDoubleJqueryError(&#8220;#rev_slider_6_1&#8221;);<br \/>\n }else{<br \/>\n revapi6 = tpj(&#8220;#rev_slider_6_1&#8243;).show().revolution({<br \/>\n sliderType:&#8221;hero&#8221;,<br \/>\n jsFileLocation:&#8221;\/\/bucknerhonduras.org\/wp-content\/plugins\/revslider\/public\/assets\/js\/&#8221;,<br \/>\n sliderLayout:&#8221;fullwidth&#8221;,<br \/>\n dottedOverlay:&#8221;none&#8221;,<br \/>\n delay:9000,<br \/>\n visibilityLevels:[1240,1024,778,480],<br \/>\n gridwidth:1240,<br \/>\n gridheight:500,<br \/>\n lazyType:&#8221;none&#8221;,<br \/>\n shadow:0,<br \/>\n spinner:&#8221;spinner0&#8243;,<br \/>\n autoHeight:&#8221;off&#8221;,<br \/>\n disableProgressBar:&#8221;on&#8221;,<br \/>\n hideThumbsOnMobile:&#8221;off&#8221;,<br \/>\n hideSliderAtLimit:0,<br \/>\n hideCaptionAtLimit:0,<br \/>\n hideAllCaptionAtLilmit:0,<br \/>\n debugMode:false,<br \/>\n fallbacks: {<br \/>\n simplifyAll:&#8221;off&#8221;,<br \/>\n disableFocusListener:false,<br \/>\n }<br \/>\n });<br \/>\n }<br \/>\n}); \/*ready*\/<\/p>\n<h2 class=\"fw-special-title\">\u00bfQu\u00e9 es Acogimiento Familiar Temporal?<\/h2>\n<p>El Acogimiento Familiar Temporal es una medida alternativa de protecci\u00f3n, la cual se ejecuta con el objetivo de proveer un entorno familiar seguro y afectuoso de manera temporal a los ni\u00f1os, ni\u00f1as y adolescentes que ingresan al Sistema de Protecci\u00f3n y Abrigo o que se encuentran bajo la tutela del Estado a trav\u00e9s de hogares p\u00fablicos y privados, durante su proceso de protecci\u00f3n.<\/p>\n<h2 class=\"fw-special-title\">\u00bfQu\u00e9 es una Familia de Acogimiento Temporal?<\/h2>\n<p>Es la que de forma TEMPORAL cuida y protege a un ni\u00f1o, ni\u00f1a o adolescente que por diversas razones se encuentra separado de su entorno familiar.<\/p>\n<h3 class=\"fw-special-title\">Fortalecemos y ejecutamos el Programa de Acogimiento Familiar Temporal<\/h3>\n<p> <img decoding=\"async\" src=\"http:\/\/bucknerhonduras.org\/wp-content\/uploads\/2018\/03\/medalla-aft-bg.png\" alt=\"medalla-aft-bg\" data-maxdpr=\"1.7\" width=\"250\" class=\"lazyload\" \/> <\/p>\n<p>Buckner Guatemala es una organizaci\u00f3n afiliada a Buckner Internacional, la cual cuenta con m\u00e1s de 60 a\u00f1os de experiencia en el tema de Acogimiento Familiar Temporal. Por lo tanto, Buckner Guatemala promueve el Acogimiento Familiar Temporal con el prop\u00f3sito principal de cambiar la vida de ni\u00f1os, ni\u00f1as y adolescentes vulnerables, velando por su debida protecci\u00f3n temporal en un entorno familiar, para contribuir posteriormente, al proceso oportuno de reintegraci\u00f3n a un n\u00facleo familiar adecuado de manera permanente.<\/p>\n<p>En Guatemala, Buckner Guatemala se ha posicionado como una organizaci\u00f3n legalmente certificada por la Secretar\u00eda de Bienestar Social de la Rep\u00fablica para fortalecer y ejecutar el Programa de Acogimiento Familiar Temporal (Familias Sustitutas).<\/p>\n<p>A trav\u00e9s del Programa de Acogimiento Familiar Temporal de Buckner Guatemala, el equipo profesional multidisciplinario atiende a familias que deseen formar parte del programa como familias de acogimiento temporal, fundamentando el quehacer del programa en altos est\u00e1ndares de servicio. <\/p>\n<p>Con base en la metodolog\u00eda del programa, el equipo profesional atiende a las familias de acogimiento temporal en las etapas de orientaci\u00f3n, evaluaci\u00f3n, capacitaci\u00f3n y acompa\u00f1amiento en CADA ETAPA DEL PROCESO.<\/p>\n<p>Nuestra meta como organizaci\u00f3n es que, a trav\u00e9s del Programa de Acogimiento Familiar Temporal los ni\u00f1os, ni\u00f1as y adolescentes encuentren saneamiento por medio de las familias de acogimiento temporal; y simult\u00e1neamente, que toda familia que participe en el programa viva el amor de Dios a trav\u00e9s de la experiencia del Acogimiento Familiar Temporal.<\/p>\n<p>Distintos estudios han demostrado que per\u00edodos largos en una instituci\u00f3n de cuidado y protecci\u00f3n produce serios da\u00f1os en el desarrollo positivo y el bienestar integral de los ni\u00f1os, ni\u00f1as y adolescentes, aumentando el grado de vulnerabilidad sobre todo en la ni\u00f1ez de primera infancia. Una regla general, que ha sido se\u00f1alada es, que por cada tres meses que un ni\u00f1o de corta edad reside en una instituci\u00f3n, pierde un mes de desarrollo. (Palummo, 2012)<\/p>\n<p>La evidencia emp\u00edrica y estudios cient\u00edficos son terminantes al exponer los efectos negativos de la institucionalizaci\u00f3n en los ni\u00f1os. De acuerdo al Informe mundial sobre la violencia contra ni\u00f1os y ni\u00f1as, la violencia en las instituciones es seis veces m\u00e1s frecuente y los ni\u00f1os institucionalizados tienen una probabilidad casi cuatro veces mayor de sufrir abuso sexual que aquellos que tienen acceso a alternativas de protecci\u00f3n basadas en la familia. (Pnheiro, 2006)<\/p>\n<p>\u201cAtender a los hu\u00e9rfanos y a las viudas en sus aflicciones.\u201d -Santiago 1:27<\/p>\n<p>Buckner Guatemala, reconoce las consecuencias y el impacto negativo que conlleva la institucionalizaci\u00f3n en los ni\u00f1os y ni\u00f1as. Por tanto, en respuesta al llamado que hace Santiago 1:27 y reconociendo el papel preponderante que la familia, como grupo fundamental en la sociedad, representa para el crecimiento, bienestar y protecci\u00f3n de la ni\u00f1ez, Buckner Guatemala a trav\u00e9s del Programa de Permanencia para la Ni\u00f1ez en Recurso Familiar promueve el cuidado de la ni\u00f1ez en estado de desprotecci\u00f3n, por medio de modelos de acogimiento en un entorno familiar seguro y afectuoso de manera temporal o permanentemente.<\/p>\n<p>Con base en el Art\u00edculo 18 de la Ley de Protecci\u00f3n Integral de la Ni\u00f1ez y Adolescencia, todo ni\u00f1o, ni\u00f1a y adolescente tiene derecho a ser criado en el seno de su familia; sin embargo, al fallar la familia como Sistema Primario de Protecci\u00f3n, es fundamental que el Estado adopte medidas que garanticen la oportuna restituci\u00f3n de derechos y velen por el inter\u00e9s superior de la ni\u00f1ez y adolescencia en situaci\u00f3n de vulneraci\u00f3n.<\/p>\n<h2><a href=\"http:\/\/bucknerhonduras.org\/index.php\/calendario-de-actividades\/\">Ver calendario de actividades<\/a><\/h2>\n<p><!-- c0804d6039a769d5c1db3d88609c44f1 --><\/p>\n","protected":false},"excerpt":{"rendered":"<p>Acogimiento Familiar Temporal Familiar Temporal setREVStartSize({c: &#8216;#rev_slider_6_1&#8217;, gridwidth: [1240], gridheight: [500], sliderLayout: &#8216;fullwidth&#8217;}); var revapi6,&#8230;<\/p>\n","protected":false},"author":1,"featured_media":0,"parent":538,"menu_order":0,"comment_status":"closed","ping_status":"closed","template":"visual-builder-template.php","meta":{"footnotes":""},"class_list":["post-232","page","type-page","status-publish","hentry"],"_links":{"self":[{"href":"https:\/\/bucknerhonduras.org\/index.php\/wp-json\/wp\/v2\/pages\/232","targetHints":{"allow":["GET"]}}],"collection":[{"href":"https:\/\/bucknerhonduras.org\/index.php\/wp-json\/wp\/v2\/pages"}],"about":[{"href":"https:\/\/bucknerhonduras.org\/index.php\/wp-json\/wp\/v2\/types\/page"}],"author":[{"embeddable":true,"href":"https:\/\/bucknerhonduras.org\/index.php\/wp-json\/wp\/v2\/users\/1"}],"replies":[{"embeddable":true,"href":"https:\/\/bucknerhonduras.org\/index.php\/wp-json\/wp\/v2\/comments?post=232"}],"version-history":[{"count":62,"href":"https:\/\/bucknerhonduras.org\/index.php\/wp-json\/wp\/v2\/pages\/232\/revisions"}],"predecessor-version":[{"id":1252,"href":"https:\/\/bucknerhonduras.org\/index.php\/wp-json\/wp\/v2\/pages\/232\/revisions\/1252"}],"up":[{"embeddable":true,"href":"https:\/\/bucknerhonduras.org\/index.php\/wp-json\/wp\/v2\/pages\/538"}],"wp:attachment":[{"href":"https:\/\/bucknerhonduras.org\/index.php\/wp-json\/wp\/v2\/media?parent=232"}],"curies":[{"name":"wp","href":"https:\/\/api.w.org\/{rel}","templated":true}]}}