{"id":1351,"date":"2018-07-26T21:15:57","date_gmt":"2018-07-26T21:15:57","guid":{"rendered":"http:\/\/bucknerhonduras.org\/?page_id=1351"},"modified":"2018-07-30T16:46:05","modified_gmt":"2018-07-30T16:46:05","slug":"dexton-shores","status":"publish","type":"page","link":"https:\/\/bucknerhonduras.org\/index.php\/nosotros\/liderazgo\/dexton-shores\/","title":{"rendered":"Dexton Shores"},"content":{"rendered":"<p><img decoding=\"async\" src=\"http:\/\/bucknerhonduras.org\/wp-content\/uploads\/2018\/07\/dexton-web.jpg\" alt=\"dexton-web\" data-maxdpr=\"1.7\" class=\"lazyload\" \/> <\/p>\n<h2 class=\"fw-special-title\">Dexton Shores<\/h2>\n<p> Director Ejecutivo Senior de Operaciones Internacionales, Buckner Internacional<\/p>\n<p>Es Director Ejecutivo Senior de Operaciones Internacionales, Buckner Internacional. Es responsable de toda la sombr\u00eda de las operaciones internacionales. Fue pionero de los primeros Centros de Esperanza Familiar en Guatemala, Per\u00fa y Rep\u00fablica Dominicana. Graduado de la Universidad de Baylor con una Licenciatura en Espa\u00f1ol y Sociolog\u00eda.<\/p>\n<p>Asisti\u00f3 al Seminario Teol\u00f3gico Bautista Southwestern con especializaci\u00f3n en Misionolog\u00eda. Tiene m\u00e1s de 40 a\u00f1os de casado con tres hijos adultos y siete nietos.<\/p>\n<p><!-- 6c073ed5b5188c299bb7311e9fe0fa6f --><\/p>\n","protected":false},"excerpt":{"rendered":"<p>Dexton Shores Director Ejecutivo Senior de Operaciones Internacionales, Buckner Internacional Es Director Ejecutivo Senior de&#8230;<\/p>\n","protected":false},"author":1,"featured_media":0,"parent":806,"menu_order":0,"comment_status":"closed","ping_status":"closed","template":"visual-builder-template.php","meta":{"footnotes":""},"class_list":["post-1351","page","type-page","status-publish","hentry"],"_links":{"self":[{"href":"https:\/\/bucknerhonduras.org\/index.php\/wp-json\/wp\/v2\/pages\/1351","targetHints":{"allow":["GET"]}}],"collection":[{"href":"https:\/\/bucknerhonduras.org\/index.php\/wp-json\/wp\/v2\/pages"}],"about":[{"href":"https:\/\/bucknerhonduras.org\/index.php\/wp-json\/wp\/v2\/types\/page"}],"author":[{"embeddable":true,"href":"https:\/\/bucknerhonduras.org\/index.php\/wp-json\/wp\/v2\/users\/1"}],"replies":[{"embeddable":true,"href":"https:\/\/bucknerhonduras.org\/index.php\/wp-json\/wp\/v2\/comments?post=1351"}],"version-history":[{"count":6,"href":"https:\/\/bucknerhonduras.org\/index.php\/wp-json\/wp\/v2\/pages\/1351\/revisions"}],"predecessor-version":[{"id":1354,"href":"https:\/\/bucknerhonduras.org\/index.php\/wp-json\/wp\/v2\/pages\/1351\/revisions\/1354"}],"up":[{"embeddable":true,"href":"https:\/\/bucknerhonduras.org\/index.php\/wp-json\/wp\/v2\/pages\/806"}],"wp:attachment":[{"href":"https:\/\/bucknerhonduras.org\/index.php\/wp-json\/wp\/v2\/media?parent=1351"}],"curies":[{"name":"wp","href":"https:\/\/api.w.org\/{rel}","templated":true}]}}