{"id":1177,"date":"2018-03-21T16:51:05","date_gmt":"2018-03-21T16:51:05","guid":{"rendered":"http:\/\/bucknerhonduras.org\/?page_id=1177"},"modified":"2018-07-26T21:39:47","modified_gmt":"2018-07-26T21:39:47","slug":"roberto-tejada","status":"publish","type":"page","link":"https:\/\/bucknerhonduras.org\/index.php\/nosotros\/liderazgo\/roberto-tejada\/","title":{"rendered":"Roberto Tejada"},"content":{"rendered":"<p><img decoding=\"async\" src=\"http:\/\/bucknerhonduras.org\/wp-content\/uploads\/2018\/03\/roberto-tejada-subdirector-buckner-guatemala.jpg\" alt=\"roberto-tejada-subdirector-buckner-guatemala\" data-maxdpr=\"1.7\" class=\"lazyload\" \/> <\/p>\n<h2 class=\"fw-special-title\">Roberto Tejada<\/h2>\n<p> Director Ejecutivo, Buckner Guatemala<\/p>\n<p>Es Director Ejecutivo Nacional de Buckner Guatemala, posee una Licenciatura en Administraci\u00f3n de Empresas. Roberto tiene m\u00e1s de 12 a\u00f1os de laborar en Buckner Guatemala.<\/p>\n<p><!-- 5fd1205aaa88ca0acd3523e18d24efe9 --><\/p>\n","protected":false},"excerpt":{"rendered":"<p>Roberto Tejada Director Ejecutivo, Buckner Guatemala Es Director Ejecutivo Nacional de Buckner Guatemala, posee una&#8230;<\/p>\n","protected":false},"author":1,"featured_media":0,"parent":806,"menu_order":0,"comment_status":"closed","ping_status":"closed","template":"visual-builder-template.php","meta":{"footnotes":""},"class_list":["post-1177","page","type-page","status-publish","hentry"],"_links":{"self":[{"href":"https:\/\/bucknerhonduras.org\/index.php\/wp-json\/wp\/v2\/pages\/1177","targetHints":{"allow":["GET"]}}],"collection":[{"href":"https:\/\/bucknerhonduras.org\/index.php\/wp-json\/wp\/v2\/pages"}],"about":[{"href":"https:\/\/bucknerhonduras.org\/index.php\/wp-json\/wp\/v2\/types\/page"}],"author":[{"embeddable":true,"href":"https:\/\/bucknerhonduras.org\/index.php\/wp-json\/wp\/v2\/users\/1"}],"replies":[{"embeddable":true,"href":"https:\/\/bucknerhonduras.org\/index.php\/wp-json\/wp\/v2\/comments?post=1177"}],"version-history":[{"count":4,"href":"https:\/\/bucknerhonduras.org\/index.php\/wp-json\/wp\/v2\/pages\/1177\/revisions"}],"predecessor-version":[{"id":1361,"href":"https:\/\/bucknerhonduras.org\/index.php\/wp-json\/wp\/v2\/pages\/1177\/revisions\/1361"}],"up":[{"embeddable":true,"href":"https:\/\/bucknerhonduras.org\/index.php\/wp-json\/wp\/v2\/pages\/806"}],"wp:attachment":[{"href":"https:\/\/bucknerhonduras.org\/index.php\/wp-json\/wp\/v2\/media?parent=1177"}],"curies":[{"name":"wp","href":"https:\/\/api.w.org\/{rel}","templated":true}]}}