{"id":1173,"date":"2018-03-21T16:47:38","date_gmt":"2018-03-21T16:47:38","guid":{"rendered":"http:\/\/bucknerhonduras.org\/?page_id=1173"},"modified":"2018-07-30T16:45:06","modified_gmt":"2018-07-30T16:45:06","slug":"carlos-colon","status":"publish","type":"page","link":"https:\/\/bucknerhonduras.org\/index.php\/nosotros\/liderazgo\/carlos-colon\/","title":{"rendered":"Carlos Colon"},"content":{"rendered":"<p><img decoding=\"async\" src=\"http:\/\/bucknerhonduras.org\/wp-content\/uploads\/2018\/03\/carlos-colon-buckner-internacional.jpg\" alt=\"carlos-colon-buckner-internacional\" data-maxdpr=\"1.7\" class=\"lazyload\" \/> <\/p>\n<h2 class=\"fw-special-title\">Carlos Col\u00f3n<\/h2>\n<p> Director Regional, Programas Internacionales <\/p>\n<p>Es Director Regional, Programas Internacionales, Buckner Internacional, supervisa los pa\u00edses de Guatemala y Honduras e iniciativas estrat\u00e9gicas de toda la sombr\u00eda internacional, posee un MBA.\u00a0 Carlos tiene m\u00e1s de 6 a\u00f1os de laborar para Buckner Internacional.<\/p>\n<p><!-- b773ee7f9123504ef8c056694b8fd1d2 --><\/p>\n","protected":false},"excerpt":{"rendered":"<p>Carlos Col\u00f3n Director Regional, Programas Internacionales Es Director Regional, Programas Internacionales, Buckner Internacional, supervisa los&#8230;<\/p>\n","protected":false},"author":1,"featured_media":0,"parent":806,"menu_order":0,"comment_status":"closed","ping_status":"closed","template":"visual-builder-template.php","meta":{"footnotes":""},"class_list":["post-1173","page","type-page","status-publish","hentry"],"_links":{"self":[{"href":"https:\/\/bucknerhonduras.org\/index.php\/wp-json\/wp\/v2\/pages\/1173","targetHints":{"allow":["GET"]}}],"collection":[{"href":"https:\/\/bucknerhonduras.org\/index.php\/wp-json\/wp\/v2\/pages"}],"about":[{"href":"https:\/\/bucknerhonduras.org\/index.php\/wp-json\/wp\/v2\/types\/page"}],"author":[{"embeddable":true,"href":"https:\/\/bucknerhonduras.org\/index.php\/wp-json\/wp\/v2\/users\/1"}],"replies":[{"embeddable":true,"href":"https:\/\/bucknerhonduras.org\/index.php\/wp-json\/wp\/v2\/comments?post=1173"}],"version-history":[{"count":6,"href":"https:\/\/bucknerhonduras.org\/index.php\/wp-json\/wp\/v2\/pages\/1173\/revisions"}],"predecessor-version":[{"id":1176,"href":"https:\/\/bucknerhonduras.org\/index.php\/wp-json\/wp\/v2\/pages\/1173\/revisions\/1176"}],"up":[{"embeddable":true,"href":"https:\/\/bucknerhonduras.org\/index.php\/wp-json\/wp\/v2\/pages\/806"}],"wp:attachment":[{"href":"https:\/\/bucknerhonduras.org\/index.php\/wp-json\/wp\/v2\/media?parent=1173"}],"curies":[{"name":"wp","href":"https:\/\/api.w.org\/{rel}","templated":true}]}}