{"id":1167,"date":"2018-03-21T16:41:08","date_gmt":"2018-03-21T16:41:08","guid":{"rendered":"http:\/\/bucknerhonduras.org\/?page_id=1167"},"modified":"2018-07-26T20:56:19","modified_gmt":"2018-07-26T20:56:19","slug":"henry-jackson","status":"publish","type":"page","link":"https:\/\/bucknerhonduras.org\/index.php\/nosotros\/liderazgo\/henry-jackson\/","title":{"rendered":"Henry Jackson"},"content":{"rendered":"<p><img decoding=\"async\" src=\"http:\/\/bucknerhonduras.org\/wp-content\/uploads\/2018\/03\/henry-jackson-vicepresidente-buckner-internacional.jpg\" alt=\"henry-jackson-vicepresidente-buckner-internacional\" data-maxdpr=\"1.7\" class=\"lazyload\" \/> <\/p>\n<h2 class=\"fw-special-title\">Henry Jackson<\/h2>\n<p> Vicepresidente, Buckner Internacional<\/p>\n<p>Henry Jackson es vicepresidente de Buckner Children and Family Services y ha trabajado para Buckner desde 1989. Antes de Buckner, Henry sirvi\u00f3 como agente libre con Chicago Bears en la National Football League.<\/p>\n<p>Henry recibi\u00f3 su Licenciatura en Artes de la Universidad Estatal de Angelo y su Maestr\u00eda en Ciencias de la Universidad Amberton. Tambi\u00e9n es un administrador de cuidado infantil con licencia y un ministro ordenado.<\/p>\n<p>Henry y su esposa, Lee Ellen, tienen tres hijos. Son miembros de Emmanuel Newlife Fellowship en Dallas, Texas. Le gusta pescar, hacer ejercicio y estudiar su Biblia y participa activamente en Toastmasters International.<\/p>\n<p><!-- 3f325c5428d132be365c3280409f2cb1 --><\/p>\n","protected":false},"excerpt":{"rendered":"<p>Henry Jackson Vicepresidente, Buckner Internacional Henry Jackson es vicepresidente de Buckner Children and Family Services&#8230;<\/p>\n","protected":false},"author":1,"featured_media":0,"parent":806,"menu_order":0,"comment_status":"closed","ping_status":"closed","template":"visual-builder-template.php","meta":{"footnotes":""},"class_list":["post-1167","page","type-page","status-publish","hentry"],"_links":{"self":[{"href":"https:\/\/bucknerhonduras.org\/index.php\/wp-json\/wp\/v2\/pages\/1167","targetHints":{"allow":["GET"]}}],"collection":[{"href":"https:\/\/bucknerhonduras.org\/index.php\/wp-json\/wp\/v2\/pages"}],"about":[{"href":"https:\/\/bucknerhonduras.org\/index.php\/wp-json\/wp\/v2\/types\/page"}],"author":[{"embeddable":true,"href":"https:\/\/bucknerhonduras.org\/index.php\/wp-json\/wp\/v2\/users\/1"}],"replies":[{"embeddable":true,"href":"https:\/\/bucknerhonduras.org\/index.php\/wp-json\/wp\/v2\/comments?post=1167"}],"version-history":[{"count":6,"href":"https:\/\/bucknerhonduras.org\/index.php\/wp-json\/wp\/v2\/pages\/1167\/revisions"}],"predecessor-version":[{"id":1348,"href":"https:\/\/bucknerhonduras.org\/index.php\/wp-json\/wp\/v2\/pages\/1167\/revisions\/1348"}],"up":[{"embeddable":true,"href":"https:\/\/bucknerhonduras.org\/index.php\/wp-json\/wp\/v2\/pages\/806"}],"wp:attachment":[{"href":"https:\/\/bucknerhonduras.org\/index.php\/wp-json\/wp\/v2\/media?parent=1167"}],"curies":[{"name":"wp","href":"https:\/\/api.w.org\/{rel}","templated":true}]}}