{"id":1138,"date":"2018-03-21T14:49:55","date_gmt":"2018-03-21T14:49:55","guid":{"rendered":"http:\/\/bucknerhonduras.org\/?page_id=1138"},"modified":"2018-03-21T16:57:15","modified_gmt":"2018-03-21T16:57:15","slug":"albert-reyes","status":"publish","type":"page","link":"https:\/\/bucknerhonduras.org\/index.php\/nosotros\/liderazgo\/albert-reyes\/","title":{"rendered":"Albert Reyes"},"content":{"rendered":"<p><img decoding=\"async\" src=\"http:\/\/bucknerhonduras.org\/wp-content\/uploads\/2018\/03\/albert-l-reyes-buckner-president-ceo.jpg\" alt=\"albert-l-reyes-buckner-president-ceo\" data-maxdpr=\"1.7\" class=\"lazyload\" \/> <\/p>\n<h2 class=\"fw-special-title\">Dr. Albert L. Reyes<\/h2>\n<p> Presidente y CEO, Buckner Internacional<\/p>\n<p>El Dr. Albert L. Reyes es el sexto Presidente y CEO de Buckner International. Anteriormente se desempe\u00f1\u00f3 como presidente de Buckner Children and Family Services. Antes de su mandato en Buckner, Albert fue presidente de la Universidad Bautista de las Am\u00e9ricas en San Antonio. Tambi\u00e9n se ha desempe\u00f1ado como pastor de tres iglesias y como gerente del Centro Nacional de Atenci\u00f3n al Cliente de Sprint. Albert y su esposa, Belinda, tienen tres hijos. Son miembros de Park Cities Baptist Church en Dallas.<\/p>\n<p>Siguelo en:<\/p>\n<p> <a href=\"http:\/\/bucknerprez.com\/\" target=\"_blank\" class=\"fw-btn tf-sh-e99e0517b3a357563e8b3869fe4a20ab fw-btn-side-by-side fw-btn-1\" style=\"width:50px; height:30px; line-height:30px;\"><br \/>\n Blog<br \/>\n <\/a><br \/>\n <a class=\"\" href=\"https:\/\/www.linkedin.com\/in\/albertlreyes\" target=\"_blank\"><br \/>\n <\/a><br \/>\n <a class=\"\" href=\"https:\/\/twitter.com\/bucknerprez\" target=\"_blank\"><br \/>\n <\/a><\/p>\n<p><!-- 8af1165e78a297921a22d8c5cb2776de --><\/p>\n","protected":false},"excerpt":{"rendered":"<p>Dr. Albert L. Reyes Presidente y CEO, Buckner Internacional El Dr. Albert L. Reyes es&#8230;<\/p>\n","protected":false},"author":1,"featured_media":0,"parent":806,"menu_order":0,"comment_status":"closed","ping_status":"closed","template":"visual-builder-template.php","meta":{"footnotes":""},"class_list":["post-1138","page","type-page","status-publish","hentry"],"_links":{"self":[{"href":"https:\/\/bucknerhonduras.org\/index.php\/wp-json\/wp\/v2\/pages\/1138","targetHints":{"allow":["GET"]}}],"collection":[{"href":"https:\/\/bucknerhonduras.org\/index.php\/wp-json\/wp\/v2\/pages"}],"about":[{"href":"https:\/\/bucknerhonduras.org\/index.php\/wp-json\/wp\/v2\/types\/page"}],"author":[{"embeddable":true,"href":"https:\/\/bucknerhonduras.org\/index.php\/wp-json\/wp\/v2\/users\/1"}],"replies":[{"embeddable":true,"href":"https:\/\/bucknerhonduras.org\/index.php\/wp-json\/wp\/v2\/comments?post=1138"}],"version-history":[{"count":24,"href":"https:\/\/bucknerhonduras.org\/index.php\/wp-json\/wp\/v2\/pages\/1138\/revisions"}],"predecessor-version":[{"id":1185,"href":"https:\/\/bucknerhonduras.org\/index.php\/wp-json\/wp\/v2\/pages\/1138\/revisions\/1185"}],"up":[{"embeddable":true,"href":"https:\/\/bucknerhonduras.org\/index.php\/wp-json\/wp\/v2\/pages\/806"}],"wp:attachment":[{"href":"https:\/\/bucknerhonduras.org\/index.php\/wp-json\/wp\/v2\/media?parent=1138"}],"curies":[{"name":"wp","href":"https:\/\/api.w.org\/{rel}","templated":true}]}}